{"id":1270,"date":"2020-02-18T15:55:07","date_gmt":"2020-02-18T20:55:07","guid":{"rendered":"http:\/\/cms.genusplc.com\/absglobal\/?page_id=1270"},"modified":"2020-11-06T10:05:35","modified_gmt":"2020-11-06T15:05:35","slug":"cookies","status":"publish","type":"page","link":"https:\/\/www.absglobal.com\/pl\/cookies\/","title":{"rendered":"Cookies"},"content":{"rendered":"\n<h2 class=\"wp-block-heading\">Cookies Us\u0142ugi<\/h2>\n\n\n\n<p>Plik cookie to ma\u0142y plik tekstowy, kt\u00f3ry Twoja przegl\u0105darka przechowuje na Twoim urz\u0105dzeniu. Pliki cookie s\u0105 przesy\u0142ane do pami\u0119ci trwa\u0142ej Twojego urz\u0105dzenia, gdy odwiedzasz nasz\u0105 witryn\u0119 internetow\u0105, aby umo\u017cliwi\u0107 jej rozpoznanie Ci\u0119, gdy ponownie odwiedzasz nasz\u0105 witryn\u0119 oraz aby\u015bmy mogli ulepszy\u0107 korzystanie z niej.<\/p>\n\n\n\n<p><br>Pliki cookie mog\u0105 by\u0107 tymczasowymi (lub \u201esesyjnymi\u201d) plikami cookie, kt\u00f3re s\u0105 u\u017cywane tylko podczas odwiedzania naszej witryny i s\u0105 usuwane po zamkni\u0119ciu przegl\u0105darki lub trwa\u0142ymi plikami cookie, kt\u00f3re pozostaj\u0105 na sta\u0142e w urz\u0105dzeniu po opuszczeniu naszej witryny internetowej do momentu usuni\u0119cia ich r\u0119cznie lub Twoja przegl\u0105darka usunie je po pewnym czasie.<\/p>\n\n\n\n<p><br>Mo\u017cemy u\u017cywa\u0107 tymczasowych plik\u00f3w cookie, aby zapami\u0119ta\u0107 Ci\u0119 podczas korzystania z naszej strony internetowej, ale zezwalamy r\u00f3wnie\u017c stronom trzecim (np.Google) na u\u017cywanie analitycznych plik\u00f3w cookie (zar\u00f3wno tymczasowych, jak i sta\u0142ych) w naszej witrynie w celu gromadzenia zbiorczych informacji o obszarach naszej witryny, kt\u00f3re s\u0105 odwiedzane najcz\u0119\u015bciej.<\/p>\n\n\n\n<p><br>Wi\u0119kszo\u015b\u0107 ustawie\u0144 przegl\u0105darki internetowej umo\u017cliwia akceptowanie zar\u00f3wno naszych w\u0142asnych plik\u00f3w cookie, jak i plik\u00f3w cookie stron trzecich. Mo\u017cesz jednak dostosowa\u0107 te ustawienia (w odniesieniu zar\u00f3wno do naszych w\u0142asnych plik\u00f3w cookie, jak i plik\u00f3w cookie stron trzecich), aby zaakceptowa\u0107 pliki cookie, monitowa\u0107 o akceptacj\u0119 lub odrzucenie pliku cookie za ka\u017cdym razem, gdy zostanie wys\u0142any, lub ca\u0142kowicie odrzuci\u0107 wszystkie pliki cookie. Zalecamy akceptacj\u0119 zar\u00f3wno w\u0142asnych, jak i zewn\u0119trznych plik\u00f3w cookies w celu zapewnienia najwy\u017cszej funkcjonalno\u015bci serwisu. Ustawienia przegl\u0105darki mo\u017cna zmieni\u0107 na pasku narz\u0119dzi.<\/p>\n\n\n\n<p><br>Domy\u015blnie pliki cookie s\u0105 w\u0142\u0105czone. Je\u015bli chcesz odrzuci\u0107 nasze w\u0142asne pliki cookie, mo\u017cesz tak skonfigurowa\u0107 swoj\u0105 przegl\u0105dark\u0119, ale pami\u0119taj, \u017ce je\u015bli to zrobisz, niekt\u00f3re funkcje strony internetowej mog\u0105 by\u0107 niedost\u0119pne, a zatem korzystanie z witryny mo\u017ce zosta\u0107 ograniczone.<\/p>\n\n\n\n<p><br>Nazwa:<br>Cel:<br>Czas wyga\u015bni\u0119cia:<\/p>\n","protected":false},"excerpt":{"rendered":"<p>Cookies Us\u0142ugi Plik cookie to ma\u0142y plik tekstowy, kt\u00f3ry Twoja przegl\u0105darka przechowuje na Twoim urz\u0105dzeniu. Pliki cookie s\u0105 przesy\u0142ane do pami\u0119ci trwa\u0142ej Twojego urz\u0105dzenia, gdy odwiedzasz nasz\u0105 witryn\u0119 internetow\u0105, aby umo\u017cliwi\u0107 jej rozpoznanie Ci\u0119, gdy ponownie odwiedzasz nasz\u0105 witryn\u0119 oraz aby\u015bmy mogli ulepszy\u0107 korzystanie z niej. Pliki cookie mog\u0105 by\u0107 tymczasowymi (lub \u201esesyjnymi\u201d) plikami cookie, [&hellip;]<\/p>\n","protected":false},"author":289,"featured_media":0,"parent":0,"menu_order":0,"comment_status":"closed","ping_status":"closed","template":"","meta":{"_acf_changed":false,"content-type":"","footnotes":""},"class_list":["post-1270","page","type-page","status-publish","hentry"],"acf":[],"yoast_head":"<!-- This site is optimized with the Yoast SEO Premium plugin v25.6 (Yoast SEO v25.6) - https:\/\/yoast.com\/wordpress\/plugins\/seo\/ -->\n<title>Cookies - ABS Global Polska<\/title>\n<meta name=\"robots\" content=\"index, follow, max-snippet:-1, max-image-preview:large, max-video-preview:-1\" \/>\n<link rel=\"canonical\" href=\"https:\/\/www.absglobal.com\/pl\/cookies\/\" \/>\n<meta property=\"og:locale\" content=\"pl_PL\" \/>\n<meta property=\"og:type\" content=\"article\" \/>\n<meta property=\"og:title\" content=\"Cookies\" \/>\n<meta property=\"og:description\" content=\"Cookies Us\u0142ugi Plik cookie to ma\u0142y plik tekstowy, kt\u00f3ry Twoja przegl\u0105darka przechowuje na Twoim urz\u0105dzeniu. Pliki cookie s\u0105 przesy\u0142ane do pami\u0119ci trwa\u0142ej Twojego urz\u0105dzenia, gdy odwiedzasz nasz\u0105 witryn\u0119 internetow\u0105, aby umo\u017cliwi\u0107 jej rozpoznanie Ci\u0119, gdy ponownie odwiedzasz nasz\u0105 witryn\u0119 oraz aby\u015bmy mogli ulepszy\u0107 korzystanie z niej. Pliki cookie mog\u0105 by\u0107 tymczasowymi (lub \u201esesyjnymi\u201d) plikami cookie, [&hellip;]\" \/>\n<meta property=\"og:url\" content=\"https:\/\/www.absglobal.com\/pl\/cookies\/\" \/>\n<meta property=\"og:site_name\" content=\"ABS Global Polska\" \/>\n<meta property=\"article:modified_time\" content=\"2020-11-06T15:05:35+00:00\" \/>\n<meta name=\"twitter:card\" content=\"summary_large_image\" \/>\n<meta name=\"twitter:label1\" content=\"Est. reading time\" \/>\n\t<meta name=\"twitter:data1\" content=\"2 minuty\" \/>\n<script type=\"application\/ld+json\" class=\"yoast-schema-graph\">{\"@context\":\"https:\/\/schema.org\",\"@graph\":[{\"@type\":\"WebPage\",\"@id\":\"https:\/\/www.absglobal.com\/pl\/cookies\/\",\"url\":\"https:\/\/www.absglobal.com\/pl\/cookies\/\",\"name\":\"Cookies - ABS Global Polska\",\"isPartOf\":{\"@id\":\"https:\/\/www.absglobal.com\/pl\/#website\"},\"datePublished\":\"2020-02-18T20:55:07+00:00\",\"dateModified\":\"2020-11-06T15:05:35+00:00\",\"breadcrumb\":{\"@id\":\"https:\/\/www.absglobal.com\/pl\/cookies\/#breadcrumb\"},\"inLanguage\":\"pl-PL\",\"potentialAction\":[{\"@type\":\"ReadAction\",\"target\":[\"https:\/\/www.absglobal.com\/pl\/cookies\/\"]}]},{\"@type\":\"BreadcrumbList\",\"@id\":\"https:\/\/www.absglobal.com\/pl\/cookies\/#breadcrumb\",\"itemListElement\":[{\"@type\":\"ListItem\",\"position\":1,\"name\":\"Home\",\"item\":\"https:\/\/www.absglobal.com\/pl\/\"},{\"@type\":\"ListItem\",\"position\":2,\"name\":\"Cookies\"}]},{\"@type\":\"WebSite\",\"@id\":\"https:\/\/www.absglobal.com\/pl\/#website\",\"url\":\"https:\/\/www.absglobal.com\/pl\/\",\"name\":\"ABS Global Polska\",\"description\":\"Profit From Genetic Progress\",\"publisher\":{\"@id\":\"https:\/\/www.absglobal.com\/pl\/#organization\"},\"potentialAction\":[{\"@type\":\"SearchAction\",\"target\":{\"@type\":\"EntryPoint\",\"urlTemplate\":\"https:\/\/www.absglobal.com\/pl\/?s={search_term_string}\"},\"query-input\":{\"@type\":\"PropertyValueSpecification\",\"valueRequired\":true,\"valueName\":\"search_term_string\"}}],\"inLanguage\":\"pl-PL\"},{\"@type\":\"Organization\",\"@id\":\"https:\/\/www.absglobal.com\/pl\/#organization\",\"name\":\"ABS Global Polska\",\"url\":\"https:\/\/www.absglobal.com\/pl\/\",\"logo\":{\"@type\":\"ImageObject\",\"inLanguage\":\"pl-PL\",\"@id\":\"https:\/\/www.absglobal.com\/pl\/#\/schema\/logo\/image\/\",\"url\":\"https:\/\/www.absglobal.com\/pl\/wp-content\/uploads\/sites\/29\/2020\/11\/cropped-ABS.png\",\"contentUrl\":\"https:\/\/www.absglobal.com\/pl\/wp-content\/uploads\/sites\/29\/2020\/11\/cropped-ABS.png\",\"width\":405,\"height\":405,\"caption\":\"ABS Global Polska\"},\"image\":{\"@id\":\"https:\/\/www.absglobal.com\/pl\/#\/schema\/logo\/image\/\"}}]}<\/script>\n<!-- \/ Yoast SEO Premium plugin. -->","yoast_head_json":{"title":"Cookies - ABS Global Polska","robots":{"index":"index","follow":"follow","max-snippet":"max-snippet:-1","max-image-preview":"max-image-preview:large","max-video-preview":"max-video-preview:-1"},"canonical":"https:\/\/www.absglobal.com\/pl\/cookies\/","og_locale":"pl_PL","og_type":"article","og_title":"Cookies","og_description":"Cookies Us\u0142ugi Plik cookie to ma\u0142y plik tekstowy, kt\u00f3ry Twoja przegl\u0105darka przechowuje na Twoim urz\u0105dzeniu. Pliki cookie s\u0105 przesy\u0142ane do pami\u0119ci trwa\u0142ej Twojego urz\u0105dzenia, gdy odwiedzasz nasz\u0105 witryn\u0119 internetow\u0105, aby umo\u017cliwi\u0107 jej rozpoznanie Ci\u0119, gdy ponownie odwiedzasz nasz\u0105 witryn\u0119 oraz aby\u015bmy mogli ulepszy\u0107 korzystanie z niej. Pliki cookie mog\u0105 by\u0107 tymczasowymi (lub \u201esesyjnymi\u201d) plikami cookie, [&hellip;]","og_url":"https:\/\/www.absglobal.com\/pl\/cookies\/","og_site_name":"ABS Global Polska","article_modified_time":"2020-11-06T15:05:35+00:00","twitter_card":"summary_large_image","twitter_misc":{"Est. reading time":"2 minuty"},"schema":{"@context":"https:\/\/schema.org","@graph":[{"@type":"WebPage","@id":"https:\/\/www.absglobal.com\/pl\/cookies\/","url":"https:\/\/www.absglobal.com\/pl\/cookies\/","name":"Cookies - ABS Global Polska","isPartOf":{"@id":"https:\/\/www.absglobal.com\/pl\/#website"},"datePublished":"2020-02-18T20:55:07+00:00","dateModified":"2020-11-06T15:05:35+00:00","breadcrumb":{"@id":"https:\/\/www.absglobal.com\/pl\/cookies\/#breadcrumb"},"inLanguage":"pl-PL","potentialAction":[{"@type":"ReadAction","target":["https:\/\/www.absglobal.com\/pl\/cookies\/"]}]},{"@type":"BreadcrumbList","@id":"https:\/\/www.absglobal.com\/pl\/cookies\/#breadcrumb","itemListElement":[{"@type":"ListItem","position":1,"name":"Home","item":"https:\/\/www.absglobal.com\/pl\/"},{"@type":"ListItem","position":2,"name":"Cookies"}]},{"@type":"WebSite","@id":"https:\/\/www.absglobal.com\/pl\/#website","url":"https:\/\/www.absglobal.com\/pl\/","name":"ABS Global Polska","description":"Profit From Genetic Progress","publisher":{"@id":"https:\/\/www.absglobal.com\/pl\/#organization"},"potentialAction":[{"@type":"SearchAction","target":{"@type":"EntryPoint","urlTemplate":"https:\/\/www.absglobal.com\/pl\/?s={search_term_string}"},"query-input":{"@type":"PropertyValueSpecification","valueRequired":true,"valueName":"search_term_string"}}],"inLanguage":"pl-PL"},{"@type":"Organization","@id":"https:\/\/www.absglobal.com\/pl\/#organization","name":"ABS Global Polska","url":"https:\/\/www.absglobal.com\/pl\/","logo":{"@type":"ImageObject","inLanguage":"pl-PL","@id":"https:\/\/www.absglobal.com\/pl\/#\/schema\/logo\/image\/","url":"https:\/\/www.absglobal.com\/pl\/wp-content\/uploads\/sites\/29\/2020\/11\/cropped-ABS.png","contentUrl":"https:\/\/www.absglobal.com\/pl\/wp-content\/uploads\/sites\/29\/2020\/11\/cropped-ABS.png","width":405,"height":405,"caption":"ABS Global Polska"},"image":{"@id":"https:\/\/www.absglobal.com\/pl\/#\/schema\/logo\/image\/"}}]}},"_links":{"self":[{"href":"https:\/\/www.absglobal.com\/pl\/wp-json\/wp\/v2\/pages\/1270"}],"collection":[{"href":"https:\/\/www.absglobal.com\/pl\/wp-json\/wp\/v2\/pages"}],"about":[{"href":"https:\/\/www.absglobal.com\/pl\/wp-json\/wp\/v2\/types\/page"}],"author":[{"embeddable":true,"href":"https:\/\/www.absglobal.com\/pl\/wp-json\/wp\/v2\/users\/289"}],"replies":[{"embeddable":true,"href":"https:\/\/www.absglobal.com\/pl\/wp-json\/wp\/v2\/comments?post=1270"}],"version-history":[{"count":3,"href":"https:\/\/www.absglobal.com\/pl\/wp-json\/wp\/v2\/pages\/1270\/revisions"}],"predecessor-version":[{"id":4238,"href":"https:\/\/www.absglobal.com\/pl\/wp-json\/wp\/v2\/pages\/1270\/revisions\/4238"}],"wp:attachment":[{"href":"https:\/\/www.absglobal.com\/pl\/wp-json\/wp\/v2\/media?parent=1270"}],"curies":[{"name":"wp","href":"https:\/\/api.w.org\/{rel}","templated":true}]}}