{"id":1739,"date":"2020-02-24T10:35:58","date_gmt":"2020-02-24T15:35:58","guid":{"rendered":"http:\/\/cms.genusplc.com\/absglobal\/?page_id=1739"},"modified":"2024-03-08T06:59:11","modified_gmt":"2024-03-08T11:59:11","slug":"genetic-plan","status":"publish","type":"page","link":"https:\/\/www.absglobal.com\/pl\/genetic-plan\/","title":{"rendered":"Plan Genetyczny"},"content":{"rendered":"\n<p>Proste i \u0142atwe to nie to samo. Opracowanie strategii genetycznej dla stada mo\u017ce wydawa\u0107 si\u0119 proste, jednak w rzeczywisto\u015bci nie jest to cz\u0119sto wykonywane, co prawdopodobnie oznacza, \u017ce nie jest to takie \u0142atwe.<\/p>\n\n\n\n<p>Do\u015b\u0107 cz\u0119sto widzimy hodowc\u00f3w decyduj\u0105cych o swojej przysz\u0142o\u015bci na podstawie wska\u017anik\u00f3w bran\u017cowych lub strategii s\u0105siada jako g\u0142\u00f3wnym punktem odniesienia. Jednak ten spos\u00f3b post\u0119powania nie uwzgl\u0119dnia cech charakterystycznych dla ich dzia\u0142alno\u015bci, a one maj\u0105 znacz\u0105cy wp\u0142yw na sukces.<\/p>\n\n\n\n<p>Tw\u00f3j plan genetyczny b\u0119dzie opiera\u0142 si\u0119 na wizji &#8220;krowy idealnej&#8221;, kt\u00f3r\u0105 sam stworzysz. Powinien by\u0107 dostosowany do warunk\u00f3w Twojej dzia\u0142alno\u015bci i bra\u0107 pod uwag\u0119: Tw\u00f3j biznesplan, spos\u00f3b p\u0142acenia za mleko, warunki \u015brodowiskowe, rodzaj budynk\u00f3w, styl zarz\u0105dzania i wiele innych zmiennych.<\/p>\n\n\n\n<p>Rozumiej\u0105c doskonale te zagadnienia, ABS opracowa\u0142 r\u00f3\u017cne narz\u0119dzia planowania strategicznego, aby pom\u00f3c rolnikom znale\u017a\u0107 rozwi\u0105zania idealne dla ich gospodarstw.<\/p>\n\n\n\n<div style=\"height:50px\" aria-hidden=\"true\" class=\"wp-block-spacer\"><\/div>\n\n\n\n<h2 class=\"is-style-underline wp-block-heading\" id=\"h-dowiedz-si-wi-cej-o-rozwi-zaniach-dotycz-cych-planowania-strategicznego-abs\">Dowiedz si\u0119 wi\u0119cej o rozwi\u0105zaniach dotycz\u0105cych planowania strategicznego ABS:<\/h2>\n\n\n\t\t<section id=\"\" class=\"alignwide section-wrapper section-wrapper-small-fluid block-product-slider\" data-magellan-target=\"\">\n\t\t\t<div class=\"carousel-card-section owl-carousel owl-theme\">\n\t\t\t\t\t\t\t\t\t\t<div class=\"card\">\n\t\t\t\t\t\t\t\t\t\t\t\t\t\t\t<img decoding=\"async\" class=\"card-img\" src=\"https:\/\/www.absglobal.com\/pl\/wp-content\/uploads\/sites\/29\/2020\/02\/product-gms-2.jpg?w=1000&#038;resize=375,250\" alt=\"Obraz wyrob\u00f3w medycznych\">\n\t\t\t\t\t\t\t\t\t\t\t\t\t\t<div class=\"card-section\">\n\t\t\t\t\t\t\t\t<h3 class=\"card-title\">GMS 2.0<\/h3>\n\t\t\t\t\t\t\t\t\t\t\t\t\t\t\t\t\t\t\t\t\t\t\t\t\t<p class=\"card-description\">Genetyka wci\u0105\u017c &#8220;idzie&#8221; do przodu, wi\u0119c program do kojarze\u0144 r\u00f3wnie\u017c. Meet Genetic Management System\u00ae (GMS\u00ae) 2.0- innowacyjny, przeprojektowany program kojarze\u0144, zbudowany z my\u015bl\u0105 o Twoich unikalnych celach. Wprowadzony w 2016 r., program GMS 2.0 oferuje obiektywny dob\u00f3r zwierz\u0105t do kojarze\u0144, oparty na ekonomicznie wa\u017cnych cechach produkcyjnych, zdrowotnych i cechach pokroju. W rezultacie otrzymasz d\u0142ugowieczne, dochodowe [&hellip;]<\/p>\n\t\t\t\t\t\t\t\t\n\t\t\t\t\t\t\t\t<a href=\"https:\/\/www.absglobal.com\/pl\/Produkty\/gms\/\" class=\"card-section-button button\">Dowiedz si\u0119 wi\u0119cej<\/a>\n\t\t\t\t\t\t\t<\/div>\n\t\t\t\t\t\t<\/div>\n\t\t\t\t\t\t\t\t\t\t\t\t<div class=\"card\">\n\t\t\t\t\t\t\t\t\t\t\t\t\t\t\t<img decoding=\"async\" class=\"card-img\" src=\"https:\/\/www.absglobal.com\/pl\/wp-content\/uploads\/sites\/29\/2020\/03\/product-sexcel-2.jpg?w=1000&#038;resize=375,250\" alt=\"Obraz wyrob\u00f3w medycznych\">\n\t\t\t\t\t\t\t\t\t\t\t\t\t\t<div class=\"card-section\">\n\t\t\t\t\t\t\t\t<h3 class=\"card-title\">Sexcel\u00ae<\/h3>\n\t\t\t\t\t\t\t\t\t\t\t\t\t\t\t\t\t\t\t\t\t\t\t\t\t<p class=\"card-description\">Sexcel\u00ae Sexed Genetics- Ja\u0142\u00f3wki na remont stada od Twoich najlepszych kr\u00f3w Samo nasienie nie wnosi \u017cadnej warto\u015bci dla hodowcy byd\u0142a mlecznego chyba, \u017ce ciel\u0119 b\u0119dzie p\u0142ci \u017ce\u0144skiej. Tylko zdrowa ja\u0142\u00f3wka jest gwarancj\u0105 uzyskania post\u0119pu genetycznego i w\u0142a\u015bnie w tym ukryta jest warto\u015b\u0107. W czasach, gdy wydajno\u015b\u0107 ma kluczowe znaczenie dla ferm mlecznych, producenci musz\u0105 zmniejsza\u0107 [&hellip;]<\/p>\n\t\t\t\t\t\t\t\t\n\t\t\t\t\t\t\t\t<a href=\"https:\/\/www.absglobal.com\/pl\/Produkty\/sexcel\/\" class=\"card-section-button button\">Dowiedz si\u0119 wi\u0119cej<\/a>\n\t\t\t\t\t\t\t<\/div>\n\t\t\t\t\t\t<\/div>\n\t\t\t\t\t\t\t\t\t\t\t\t<div class=\"card\">\n\t\t\t\t\t\t\t\t\t\t\t\t\t\t\t<img decoding=\"async\" class=\"card-img\" src=\"https:\/\/www.absglobal.com\/pl\/wp-content\/uploads\/sites\/29\/2024\/03\/logo-GA.png?w=1024&#038;resize=375,250\" alt=\"Obraz wyrob\u00f3w medycznych\">\n\t\t\t\t\t\t\t\t\t\t\t\t\t\t<div class=\"card-section\">\n\t\t\t\t\t\t\t\t<h3 class=\"card-title\">GENEadvance\u00ae<\/h3>\n\t\t\t\t\t\t\t\t\t\t\t\t\t\t\t\t\t<p class=\"card-category\"><a href=\"https:\/\/www.absglobal.com\/pl\/category\/genetics\/\">Genetyka<\/a><\/p>\n\t\t\t\t\t\t\t\t\t\t\t\t\t\t\t\t\t\t\t\t\t\t\t\t\t<p class=\"card-description\">Przyspiesz post\u0119p genetyczny stada Nasz\u0105 misj\u0105 w ABS jest pomoc w czerpaniu korzy\u015bci z post\u0119pu genetycznego. Dzi\u0119ki GENEadvance\u00ae mo\u017cesz spodziewa\u0107 si\u0119 poprawy genetycznej szybciej ni\u017c kiedykolwiek wcze\u015bniej. Czym jest GENEadvance\u00ae GENEadvance\u00ae przyspieszy popraw\u0119 genetyczn\u0105 w stadzie, aby zapewni\u0107 lepsz\u0105 wydajno\u015b\u0107 stada w przysz\u0142o\u015bci. Nasza us\u0142uga \u0142\u0105czy nasze do\u015bwiadczenie z najnowsz\u0105 technologi\u0105 genomiczn\u0105 i wiod\u0105c\u0105 na [&hellip;]<\/p>\n\t\t\t\t\t\t\t\t\n\t\t\t\t\t\t\t\t<a href=\"https:\/\/www.absglobal.com\/pl\/Produkty\/geneadvance\/\" class=\"card-section-button button\">Dowiedz si\u0119 wi\u0119cej<\/a>\n\t\t\t\t\t\t\t<\/div>\n\t\t\t\t\t\t<\/div>\n\t\t\t\t\t\t\t\t\t\t\t\t<div class=\"card\">\n\t\t\t\t\t\t\t\t\t\t\t\t\t\t\t<img decoding=\"async\" class=\"card-img\" src=\"https:\/\/www.absglobal.com\/pl\/wp-content\/uploads\/sites\/29\/2020\/02\/beef-infocus-product-page2.jpg?w=1000&#038;resize=375,250\" alt=\"Obraz wyrob\u00f3w medycznych\">\n\t\t\t\t\t\t\t\t\t\t\t\t\t\t<div class=\"card-section\">\n\t\t\t\t\t\t\t\t<h3 class=\"card-title\">Beef InFocus\u2122<\/h3>\n\t\t\t\t\t\t\t\t\t\t\t\t\t\t\t\t\t\t\t\t\t\t\t\t\t<p class=\"card-description\">Beef InFocus\u2122 &#8211; nasienie buhaj\u00f3w ras mi\u0119snych w stadzie kr\u00f3w mlecznych Genetyka ras mi\u0119snych dedykowana rasom mlecznym Buhaje Beef InFocus\u2122 s\u0105 specjalnie tworzone lub wybierane dla kr\u00f3w mlecznych, aby zmaksymalizowa\u0107 op\u0142acalno\u015b\u0107 \u0142a\u0144cucha dostaw mleka i wo\u0142owiny. Sprawdzone Wyniki w Krzy\u017cowaniu z Rasami Mlecznymi Wska\u017aniki wyciele\u0144- cechy, kt\u00f3re s\u0105 ekonomicznie wa\u017cne dla ras mlecznych- s\u0105 zbierane [&hellip;]<\/p>\n\t\t\t\t\t\t\t\t\n\t\t\t\t\t\t\t\t<a href=\"https:\/\/www.absglobal.com\/pl\/Produkty\/beef-infocus\/\" class=\"card-section-button button\">Dowiedz si\u0119 wi\u0119cej<\/a>\n\t\t\t\t\t\t\t<\/div>\n\t\t\t\t\t\t<\/div>\n\t\t\t\t\t\t\t\t\t\t\t\t<div class=\"card\">\n\t\t\t\t\t\t\t\t\t\t\t\t\t\t\t<img decoding=\"async\" class=\"card-img\" src=\"https:\/\/www.absglobal.com\/pl\/wp-content\/uploads\/sites\/29\/2020\/02\/product-genetic-audit-1.jpg?w=1000&#038;resize=375,250\" alt=\"Obraz wyrob\u00f3w medycznych\">\n\t\t\t\t\t\t\t\t\t\t\t\t\t\t<div class=\"card-section\">\n\t\t\t\t\t\t\t\t<h3 class=\"card-title\">Audyt Genetyczny<\/h3>\n\t\t\t\t\t\t\t\t\t\t\t\t\t\t\t\t\t\t\t\t\t\t\t\t\t<p class=\"card-description\">Najnowsze narz\u0119dzie w portfolio us\u0142ug genetycznych- audyt genetyczny ABS- doskonale uzupe\u0142nia program kojarze\u0144 GMS 2.0, aby uzyska\u0107 jak najlepsze wyniki z dokonanych inwestycji genetycznych. Coroczny audyt zapewnia dok\u0142adny przegl\u0105d genetyki stada i potencja\u0142u stada. Dzi\u0119ki znajomo\u015bci poziomu bazowego, mo\u017cesz dokonywa\u0107 przysz\u0142ych por\u00f3wna\u0144 i zobaczy\u0107 genetyk\u0119 &#8220;w akcji&#8221;, jak nigdy wcze\u015bniej. Jak to dzia\u0142a? Nasz audyt [&hellip;]<\/p>\n\t\t\t\t\t\t\t\t\n\t\t\t\t\t\t\t\t<a href=\"https:\/\/www.absglobal.com\/pl\/Produkty\/genetic-review\/\" class=\"card-section-button button\">Dowiedz si\u0119 wi\u0119cej<\/a>\n\t\t\t\t\t\t\t<\/div>\n\t\t\t\t\t\t<\/div>\n\t\t\t\t\t\t\t\t\t<\/div>\n\t\t<\/section>\n\t\t\n\n","protected":false},"excerpt":{"rendered":"<p>Proste i \u0142atwe to nie to samo. Opracowanie strategii genetycznej dla stada mo\u017ce wydawa\u0107 si\u0119 proste, jednak w rzeczywisto\u015bci nie jest to cz\u0119sto wykonywane, co prawdopodobnie oznacza, \u017ce nie jest to takie \u0142atwe. Do\u015b\u0107 cz\u0119sto widzimy hodowc\u00f3w decyduj\u0105cych o swojej przysz\u0142o\u015bci na podstawie wska\u017anik\u00f3w bran\u017cowych lub strategii s\u0105siada jako g\u0142\u00f3wnym punktem odniesienia. Jednak ten spos\u00f3b [&hellip;]<\/p>\n","protected":false},"author":289,"featured_media":0,"parent":0,"menu_order":0,"comment_status":"closed","ping_status":"closed","template":"","meta":{"_acf_changed":false,"content-type":"","footnotes":""},"class_list":["post-1739","page","type-page","status-publish","hentry"],"acf":[],"yoast_head":"<!-- This site is optimized with the Yoast SEO Premium plugin v25.6 (Yoast SEO v25.6) - https:\/\/yoast.com\/wordpress\/plugins\/seo\/ -->\n<title>Plan Genetyczny - ABS Global Polska<\/title>\n<meta name=\"robots\" content=\"index, follow, max-snippet:-1, max-image-preview:large, max-video-preview:-1\" \/>\n<link rel=\"canonical\" href=\"https:\/\/www.absglobal.com\/pl\/genetic-plan\/\" \/>\n<meta property=\"og:locale\" content=\"pl_PL\" \/>\n<meta property=\"og:type\" content=\"article\" \/>\n<meta property=\"og:title\" content=\"Plan Genetyczny\" \/>\n<meta property=\"og:description\" content=\"Proste i \u0142atwe to nie to samo. Opracowanie strategii genetycznej dla stada mo\u017ce wydawa\u0107 si\u0119 proste, jednak w rzeczywisto\u015bci nie jest to cz\u0119sto wykonywane, co prawdopodobnie oznacza, \u017ce nie jest to takie \u0142atwe. Do\u015b\u0107 cz\u0119sto widzimy hodowc\u00f3w decyduj\u0105cych o swojej przysz\u0142o\u015bci na podstawie wska\u017anik\u00f3w bran\u017cowych lub strategii s\u0105siada jako g\u0142\u00f3wnym punktem odniesienia. Jednak ten spos\u00f3b [&hellip;]\" \/>\n<meta property=\"og:url\" content=\"https:\/\/www.absglobal.com\/pl\/genetic-plan\/\" \/>\n<meta property=\"og:site_name\" content=\"ABS Global Polska\" \/>\n<meta property=\"article:modified_time\" content=\"2024-03-08T11:59:11+00:00\" \/>\n<meta name=\"twitter:card\" content=\"summary_large_image\" \/>\n<meta name=\"twitter:label1\" content=\"Est. reading time\" \/>\n\t<meta name=\"twitter:data1\" content=\"1 minuta\" \/>\n<script type=\"application\/ld+json\" class=\"yoast-schema-graph\">{\"@context\":\"https:\/\/schema.org\",\"@graph\":[{\"@type\":\"WebPage\",\"@id\":\"https:\/\/www.absglobal.com\/pl\/genetic-plan\/\",\"url\":\"https:\/\/www.absglobal.com\/pl\/genetic-plan\/\",\"name\":\"Plan Genetyczny - ABS Global Polska\",\"isPartOf\":{\"@id\":\"https:\/\/www.absglobal.com\/pl\/#website\"},\"datePublished\":\"2020-02-24T15:35:58+00:00\",\"dateModified\":\"2024-03-08T11:59:11+00:00\",\"breadcrumb\":{\"@id\":\"https:\/\/www.absglobal.com\/pl\/genetic-plan\/#breadcrumb\"},\"inLanguage\":\"pl-PL\",\"potentialAction\":[{\"@type\":\"ReadAction\",\"target\":[\"https:\/\/www.absglobal.com\/pl\/genetic-plan\/\"]}]},{\"@type\":\"BreadcrumbList\",\"@id\":\"https:\/\/www.absglobal.com\/pl\/genetic-plan\/#breadcrumb\",\"itemListElement\":[{\"@type\":\"ListItem\",\"position\":1,\"name\":\"Home\",\"item\":\"https:\/\/www.absglobal.com\/pl\/\"},{\"@type\":\"ListItem\",\"position\":2,\"name\":\"Plan Genetyczny\"}]},{\"@type\":\"WebSite\",\"@id\":\"https:\/\/www.absglobal.com\/pl\/#website\",\"url\":\"https:\/\/www.absglobal.com\/pl\/\",\"name\":\"ABS Global Polska\",\"description\":\"Profit From Genetic Progress\",\"publisher\":{\"@id\":\"https:\/\/www.absglobal.com\/pl\/#organization\"},\"potentialAction\":[{\"@type\":\"SearchAction\",\"target\":{\"@type\":\"EntryPoint\",\"urlTemplate\":\"https:\/\/www.absglobal.com\/pl\/?s={search_term_string}\"},\"query-input\":{\"@type\":\"PropertyValueSpecification\",\"valueRequired\":true,\"valueName\":\"search_term_string\"}}],\"inLanguage\":\"pl-PL\"},{\"@type\":\"Organization\",\"@id\":\"https:\/\/www.absglobal.com\/pl\/#organization\",\"name\":\"ABS Global Polska\",\"url\":\"https:\/\/www.absglobal.com\/pl\/\",\"logo\":{\"@type\":\"ImageObject\",\"inLanguage\":\"pl-PL\",\"@id\":\"https:\/\/www.absglobal.com\/pl\/#\/schema\/logo\/image\/\",\"url\":\"https:\/\/www.absglobal.com\/pl\/wp-content\/uploads\/sites\/29\/2020\/11\/cropped-ABS.png\",\"contentUrl\":\"https:\/\/www.absglobal.com\/pl\/wp-content\/uploads\/sites\/29\/2020\/11\/cropped-ABS.png\",\"width\":405,\"height\":405,\"caption\":\"ABS Global Polska\"},\"image\":{\"@id\":\"https:\/\/www.absglobal.com\/pl\/#\/schema\/logo\/image\/\"}}]}<\/script>\n<!-- \/ Yoast SEO Premium plugin. -->","yoast_head_json":{"title":"Plan Genetyczny - ABS Global Polska","robots":{"index":"index","follow":"follow","max-snippet":"max-snippet:-1","max-image-preview":"max-image-preview:large","max-video-preview":"max-video-preview:-1"},"canonical":"https:\/\/www.absglobal.com\/pl\/genetic-plan\/","og_locale":"pl_PL","og_type":"article","og_title":"Plan Genetyczny","og_description":"Proste i \u0142atwe to nie to samo. Opracowanie strategii genetycznej dla stada mo\u017ce wydawa\u0107 si\u0119 proste, jednak w rzeczywisto\u015bci nie jest to cz\u0119sto wykonywane, co prawdopodobnie oznacza, \u017ce nie jest to takie \u0142atwe. Do\u015b\u0107 cz\u0119sto widzimy hodowc\u00f3w decyduj\u0105cych o swojej przysz\u0142o\u015bci na podstawie wska\u017anik\u00f3w bran\u017cowych lub strategii s\u0105siada jako g\u0142\u00f3wnym punktem odniesienia. Jednak ten spos\u00f3b [&hellip;]","og_url":"https:\/\/www.absglobal.com\/pl\/genetic-plan\/","og_site_name":"ABS Global Polska","article_modified_time":"2024-03-08T11:59:11+00:00","twitter_card":"summary_large_image","twitter_misc":{"Est. reading time":"1 minuta"},"schema":{"@context":"https:\/\/schema.org","@graph":[{"@type":"WebPage","@id":"https:\/\/www.absglobal.com\/pl\/genetic-plan\/","url":"https:\/\/www.absglobal.com\/pl\/genetic-plan\/","name":"Plan Genetyczny - ABS Global Polska","isPartOf":{"@id":"https:\/\/www.absglobal.com\/pl\/#website"},"datePublished":"2020-02-24T15:35:58+00:00","dateModified":"2024-03-08T11:59:11+00:00","breadcrumb":{"@id":"https:\/\/www.absglobal.com\/pl\/genetic-plan\/#breadcrumb"},"inLanguage":"pl-PL","potentialAction":[{"@type":"ReadAction","target":["https:\/\/www.absglobal.com\/pl\/genetic-plan\/"]}]},{"@type":"BreadcrumbList","@id":"https:\/\/www.absglobal.com\/pl\/genetic-plan\/#breadcrumb","itemListElement":[{"@type":"ListItem","position":1,"name":"Home","item":"https:\/\/www.absglobal.com\/pl\/"},{"@type":"ListItem","position":2,"name":"Plan Genetyczny"}]},{"@type":"WebSite","@id":"https:\/\/www.absglobal.com\/pl\/#website","url":"https:\/\/www.absglobal.com\/pl\/","name":"ABS Global Polska","description":"Profit From Genetic Progress","publisher":{"@id":"https:\/\/www.absglobal.com\/pl\/#organization"},"potentialAction":[{"@type":"SearchAction","target":{"@type":"EntryPoint","urlTemplate":"https:\/\/www.absglobal.com\/pl\/?s={search_term_string}"},"query-input":{"@type":"PropertyValueSpecification","valueRequired":true,"valueName":"search_term_string"}}],"inLanguage":"pl-PL"},{"@type":"Organization","@id":"https:\/\/www.absglobal.com\/pl\/#organization","name":"ABS Global Polska","url":"https:\/\/www.absglobal.com\/pl\/","logo":{"@type":"ImageObject","inLanguage":"pl-PL","@id":"https:\/\/www.absglobal.com\/pl\/#\/schema\/logo\/image\/","url":"https:\/\/www.absglobal.com\/pl\/wp-content\/uploads\/sites\/29\/2020\/11\/cropped-ABS.png","contentUrl":"https:\/\/www.absglobal.com\/pl\/wp-content\/uploads\/sites\/29\/2020\/11\/cropped-ABS.png","width":405,"height":405,"caption":"ABS Global Polska"},"image":{"@id":"https:\/\/www.absglobal.com\/pl\/#\/schema\/logo\/image\/"}}]}},"_links":{"self":[{"href":"https:\/\/www.absglobal.com\/pl\/wp-json\/wp\/v2\/pages\/1739"}],"collection":[{"href":"https:\/\/www.absglobal.com\/pl\/wp-json\/wp\/v2\/pages"}],"about":[{"href":"https:\/\/www.absglobal.com\/pl\/wp-json\/wp\/v2\/types\/page"}],"author":[{"embeddable":true,"href":"https:\/\/www.absglobal.com\/pl\/wp-json\/wp\/v2\/users\/289"}],"replies":[{"embeddable":true,"href":"https:\/\/www.absglobal.com\/pl\/wp-json\/wp\/v2\/comments?post=1739"}],"version-history":[{"count":18,"href":"https:\/\/www.absglobal.com\/pl\/wp-json\/wp\/v2\/pages\/1739\/revisions"}],"predecessor-version":[{"id":4852,"href":"https:\/\/www.absglobal.com\/pl\/wp-json\/wp\/v2\/pages\/1739\/revisions\/4852"}],"wp:attachment":[{"href":"https:\/\/www.absglobal.com\/pl\/wp-json\/wp\/v2\/media?parent=1739"}],"curies":[{"name":"wp","href":"https:\/\/api.w.org\/{rel}","templated":true}]}}