{"id":1745,"date":"2020-02-24T10:43:15","date_gmt":"2020-02-24T15:43:15","guid":{"rendered":"http:\/\/cms.genusplc.com\/absglobal\/?page_id=1745"},"modified":"2024-03-08T06:59:57","modified_gmt":"2024-03-08T11:59:57","slug":"genetic-assessment","status":"publish","type":"page","link":"https:\/\/www.absglobal.com\/pl\/genetic-assessment\/","title":{"rendered":"Ocena Genetyczna"},"content":{"rendered":"\n<h2 class=\"wp-block-heading\" id=\"h-ocena-genetyczna-walidacja-wskaz-wki-i-inteligenty-post-p-genetyczny\">Ocena Genetyczna- Walidacja, wskaz\u00f3wki i inteligenty post\u0119p genetyczny <\/h2>\n\n\n\n<div style=\"height:50px\" aria-hidden=\"true\" class=\"wp-block-spacer\"><\/div>\n\n\n\n<p>Post\u0119p genetyczny nie nast\u0119puje z dnia na dzie\u0144. Dlatego te\u017c trudno na co dzie\u0144 dostrzec, \u017ce Twoje stado staje si\u0119 coraz lepsze.<\/p>\n\n\n\n<p>Ocena genetyczna jest sposobem na potwierdzenie, \u017ce genetyka w Twoim stadzie zmierza we w\u0142a\u015bciwym kierunku. Proces ten odbywa si\u0119 poprzez analiz\u0119 rodowodu lub informacji genomowej zwierz\u0119cia. Jest to spos\u00f3b na upewnienie si\u0119, \u017ce nast\u0119pne pokolenie jest lepsze ni\u017c poprzednie, por\u00f3wnuj\u0105c cechy okre\u015blone w pocz\u0105tkowym planie genetycznym.<\/p>\n\n\n\n<p>Wiedz\u0105c, \u017ce nie wszystkie krowy s\u0105 sobie r\u00f3wne, ocena genetyczna pomaga tak\u017ce w klasyfikowaniu zwierz\u0105t od najlepszych do najs\u0142abszych. Mo\u017ce to pom\u00f3c w podziale stada na grupy do kojarze\u0144 i ustaleniu, kt\u00f3re krowy b\u0119d\u0105 matkami nast\u0119pnego pokolenia. <\/p>\n\n\n\n<p>Niezale\u017cnie od tego, czy dokonujesz oceny stada samodzielnie, czy te\u017c polegasz na doradcy genetycznym, ocena genetyczna jest kluczowym krokiem w pod\u0105\u017caniu za wyznaczonymi celami hodowlanymi.<\/p>\n\n\n\n<div style=\"height:50px\" aria-hidden=\"true\" class=\"wp-block-spacer\"><\/div>\n\n\n\n<h2 class=\"is-style-underline wp-block-heading\" id=\"h-narz-dzia-abs-s-u-ce-do-oceny-genetycznej\">Narz\u0119dzia ABS s\u0142u\u017c\u0105ce do oceny genetycznej: <\/h2>\n\n\n\t\t<section id=\"\" class=\"alignwide section-wrapper section-wrapper-small-fluid block-product-slider\" data-magellan-target=\"\">\n\t\t\t<div class=\"carousel-card-section owl-carousel owl-theme\">\n\t\t\t\t\t\t\t\t\t\t<div class=\"card\">\n\t\t\t\t\t\t\t\t\t\t\t\t\t\t\t<img decoding=\"async\" class=\"card-img\" src=\"https:\/\/www.absglobal.com\/pl\/wp-content\/uploads\/sites\/29\/2020\/02\/product-genetic-audit-1.jpg?w=1000&#038;resize=375,250\" alt=\"Obraz wyrob\u00f3w medycznych\">\n\t\t\t\t\t\t\t\t\t\t\t\t\t\t<div class=\"card-section\">\n\t\t\t\t\t\t\t\t<h3 class=\"card-title\">Audyt Genetyczny<\/h3>\n\t\t\t\t\t\t\t\t\t\t\t\t\t\t\t\t\t\t\t\t\t\t\t\t\t<p class=\"card-description\">Najnowsze narz\u0119dzie w portfolio us\u0142ug genetycznych- audyt genetyczny ABS- doskonale uzupe\u0142nia program kojarze\u0144 GMS 2.0, aby uzyska\u0107 jak najlepsze wyniki z dokonanych inwestycji genetycznych. Coroczny audyt zapewnia dok\u0142adny przegl\u0105d genetyki stada i potencja\u0142u stada. Dzi\u0119ki znajomo\u015bci poziomu bazowego, mo\u017cesz dokonywa\u0107 przysz\u0142ych por\u00f3wna\u0144 i zobaczy\u0107 genetyk\u0119 &#8220;w akcji&#8221;, jak nigdy wcze\u015bniej. Jak to dzia\u0142a? Nasz audyt [&hellip;]<\/p>\n\t\t\t\t\t\t\t\t\n\t\t\t\t\t\t\t\t<a href=\"https:\/\/www.absglobal.com\/pl\/Produkty\/genetic-review\/\" class=\"card-section-button button\">Dowiedz si\u0119 wi\u0119cej<\/a>\n\t\t\t\t\t\t\t<\/div>\n\t\t\t\t\t\t<\/div>\n\t\t\t\t\t\t\t\t\t\t\t\t<div class=\"card\">\n\t\t\t\t\t\t\t\t\t\t\t\t\t\t\t<img decoding=\"async\" class=\"card-img\" src=\"https:\/\/www.absglobal.com\/pl\/wp-content\/uploads\/sites\/29\/2024\/03\/logo-GA.png?w=1024&#038;resize=375,250\" alt=\"Obraz wyrob\u00f3w medycznych\">\n\t\t\t\t\t\t\t\t\t\t\t\t\t\t<div class=\"card-section\">\n\t\t\t\t\t\t\t\t<h3 class=\"card-title\">GENEadvance\u00ae<\/h3>\n\t\t\t\t\t\t\t\t\t\t\t\t\t\t\t\t\t<p class=\"card-category\"><a href=\"https:\/\/www.absglobal.com\/pl\/category\/genetics\/\">Genetyka<\/a><\/p>\n\t\t\t\t\t\t\t\t\t\t\t\t\t\t\t\t\t\t\t\t\t\t\t\t\t<p class=\"card-description\">Przyspiesz post\u0119p genetyczny stada Nasz\u0105 misj\u0105 w ABS jest pomoc w czerpaniu korzy\u015bci z post\u0119pu genetycznego. Dzi\u0119ki GENEadvance\u00ae mo\u017cesz spodziewa\u0107 si\u0119 poprawy genetycznej szybciej ni\u017c kiedykolwiek wcze\u015bniej. Czym jest GENEadvance\u00ae GENEadvance\u00ae przyspieszy popraw\u0119 genetyczn\u0105 w stadzie, aby zapewni\u0107 lepsz\u0105 wydajno\u015b\u0107 stada w przysz\u0142o\u015bci. Nasza us\u0142uga \u0142\u0105czy nasze do\u015bwiadczenie z najnowsz\u0105 technologi\u0105 genomiczn\u0105 i wiod\u0105c\u0105 na [&hellip;]<\/p>\n\t\t\t\t\t\t\t\t\n\t\t\t\t\t\t\t\t<a href=\"https:\/\/www.absglobal.com\/pl\/Produkty\/geneadvance\/\" class=\"card-section-button button\">Dowiedz si\u0119 wi\u0119cej<\/a>\n\t\t\t\t\t\t\t<\/div>\n\t\t\t\t\t\t<\/div>\n\t\t\t\t\t\t\t\t\t\t\t\t<div class=\"card\">\n\t\t\t\t\t\t\t\t\t\t\t\t\t\t\t<img decoding=\"async\" class=\"card-img\" src=\"https:\/\/www.absglobal.com\/pl\/wp-content\/uploads\/sites\/29\/2020\/02\/product-gms-2.jpg?w=1000&#038;resize=375,250\" alt=\"Obraz wyrob\u00f3w medycznych\">\n\t\t\t\t\t\t\t\t\t\t\t\t\t\t<div class=\"card-section\">\n\t\t\t\t\t\t\t\t<h3 class=\"card-title\">GMS 2.0<\/h3>\n\t\t\t\t\t\t\t\t\t\t\t\t\t\t\t\t\t\t\t\t\t\t\t\t\t<p class=\"card-description\">Genetyka wci\u0105\u017c &#8220;idzie&#8221; do przodu, wi\u0119c program do kojarze\u0144 r\u00f3wnie\u017c. Meet Genetic Management System\u00ae (GMS\u00ae) 2.0- innowacyjny, przeprojektowany program kojarze\u0144, zbudowany z my\u015bl\u0105 o Twoich unikalnych celach. Wprowadzony w 2016 r., program GMS 2.0 oferuje obiektywny dob\u00f3r zwierz\u0105t do kojarze\u0144, oparty na ekonomicznie wa\u017cnych cechach produkcyjnych, zdrowotnych i cechach pokroju. W rezultacie otrzymasz d\u0142ugowieczne, dochodowe [&hellip;]<\/p>\n\t\t\t\t\t\t\t\t\n\t\t\t\t\t\t\t\t<a href=\"https:\/\/www.absglobal.com\/pl\/Produkty\/gms\/\" class=\"card-section-button button\">Dowiedz si\u0119 wi\u0119cej<\/a>\n\t\t\t\t\t\t\t<\/div>\n\t\t\t\t\t\t<\/div>\n\t\t\t\t\t\t\t\t\t<\/div>\n\t\t<\/section>\n\t\t\n\n","protected":false},"excerpt":{"rendered":"<p>Ocena Genetyczna- Walidacja, wskaz\u00f3wki i inteligenty post\u0119p genetyczny Post\u0119p genetyczny nie nast\u0119puje z dnia na dzie\u0144. Dlatego te\u017c trudno na co dzie\u0144 dostrzec, \u017ce Twoje stado staje si\u0119 coraz lepsze. Ocena genetyczna jest sposobem na potwierdzenie, \u017ce genetyka w Twoim stadzie zmierza we w\u0142a\u015bciwym kierunku. Proces ten odbywa si\u0119 poprzez analiz\u0119 rodowodu lub informacji genomowej [&hellip;]<\/p>\n","protected":false},"author":289,"featured_media":0,"parent":0,"menu_order":0,"comment_status":"closed","ping_status":"closed","template":"","meta":{"_acf_changed":false,"content-type":"","footnotes":""},"class_list":["post-1745","page","type-page","status-publish","hentry"],"acf":[],"yoast_head":"<!-- This site is optimized with the Yoast SEO Premium plugin v25.6 (Yoast SEO v25.6) - https:\/\/yoast.com\/wordpress\/plugins\/seo\/ -->\n<title>Ocena Genetyczna - ABS Global Polska<\/title>\n<meta name=\"robots\" content=\"index, follow, max-snippet:-1, max-image-preview:large, max-video-preview:-1\" \/>\n<link rel=\"canonical\" href=\"https:\/\/www.absglobal.com\/pl\/genetic-assessment\/\" \/>\n<meta property=\"og:locale\" content=\"pl_PL\" \/>\n<meta property=\"og:type\" content=\"article\" \/>\n<meta property=\"og:title\" content=\"Ocena Genetyczna\" \/>\n<meta property=\"og:description\" content=\"Ocena Genetyczna- Walidacja, wskaz\u00f3wki i inteligenty post\u0119p genetyczny Post\u0119p genetyczny nie nast\u0119puje z dnia na dzie\u0144. Dlatego te\u017c trudno na co dzie\u0144 dostrzec, \u017ce Twoje stado staje si\u0119 coraz lepsze. Ocena genetyczna jest sposobem na potwierdzenie, \u017ce genetyka w Twoim stadzie zmierza we w\u0142a\u015bciwym kierunku. Proces ten odbywa si\u0119 poprzez analiz\u0119 rodowodu lub informacji genomowej [&hellip;]\" \/>\n<meta property=\"og:url\" content=\"https:\/\/www.absglobal.com\/pl\/genetic-assessment\/\" \/>\n<meta property=\"og:site_name\" content=\"ABS Global Polska\" \/>\n<meta property=\"article:modified_time\" content=\"2024-03-08T11:59:57+00:00\" \/>\n<meta name=\"twitter:card\" content=\"summary_large_image\" \/>\n<meta name=\"twitter:label1\" content=\"Est. reading time\" \/>\n\t<meta name=\"twitter:data1\" content=\"1 minuta\" \/>\n<script type=\"application\/ld+json\" class=\"yoast-schema-graph\">{\"@context\":\"https:\/\/schema.org\",\"@graph\":[{\"@type\":\"WebPage\",\"@id\":\"https:\/\/www.absglobal.com\/pl\/genetic-assessment\/\",\"url\":\"https:\/\/www.absglobal.com\/pl\/genetic-assessment\/\",\"name\":\"Ocena Genetyczna - ABS Global Polska\",\"isPartOf\":{\"@id\":\"https:\/\/www.absglobal.com\/pl\/#website\"},\"datePublished\":\"2020-02-24T15:43:15+00:00\",\"dateModified\":\"2024-03-08T11:59:57+00:00\",\"breadcrumb\":{\"@id\":\"https:\/\/www.absglobal.com\/pl\/genetic-assessment\/#breadcrumb\"},\"inLanguage\":\"pl-PL\",\"potentialAction\":[{\"@type\":\"ReadAction\",\"target\":[\"https:\/\/www.absglobal.com\/pl\/genetic-assessment\/\"]}]},{\"@type\":\"BreadcrumbList\",\"@id\":\"https:\/\/www.absglobal.com\/pl\/genetic-assessment\/#breadcrumb\",\"itemListElement\":[{\"@type\":\"ListItem\",\"position\":1,\"name\":\"Home\",\"item\":\"https:\/\/www.absglobal.com\/pl\/\"},{\"@type\":\"ListItem\",\"position\":2,\"name\":\"Ocena Genetyczna\"}]},{\"@type\":\"WebSite\",\"@id\":\"https:\/\/www.absglobal.com\/pl\/#website\",\"url\":\"https:\/\/www.absglobal.com\/pl\/\",\"name\":\"ABS Global Polska\",\"description\":\"Profit From Genetic Progress\",\"publisher\":{\"@id\":\"https:\/\/www.absglobal.com\/pl\/#organization\"},\"potentialAction\":[{\"@type\":\"SearchAction\",\"target\":{\"@type\":\"EntryPoint\",\"urlTemplate\":\"https:\/\/www.absglobal.com\/pl\/?s={search_term_string}\"},\"query-input\":{\"@type\":\"PropertyValueSpecification\",\"valueRequired\":true,\"valueName\":\"search_term_string\"}}],\"inLanguage\":\"pl-PL\"},{\"@type\":\"Organization\",\"@id\":\"https:\/\/www.absglobal.com\/pl\/#organization\",\"name\":\"ABS Global Polska\",\"url\":\"https:\/\/www.absglobal.com\/pl\/\",\"logo\":{\"@type\":\"ImageObject\",\"inLanguage\":\"pl-PL\",\"@id\":\"https:\/\/www.absglobal.com\/pl\/#\/schema\/logo\/image\/\",\"url\":\"https:\/\/www.absglobal.com\/pl\/wp-content\/uploads\/sites\/29\/2020\/11\/cropped-ABS.png\",\"contentUrl\":\"https:\/\/www.absglobal.com\/pl\/wp-content\/uploads\/sites\/29\/2020\/11\/cropped-ABS.png\",\"width\":405,\"height\":405,\"caption\":\"ABS Global Polska\"},\"image\":{\"@id\":\"https:\/\/www.absglobal.com\/pl\/#\/schema\/logo\/image\/\"}}]}<\/script>\n<!-- \/ Yoast SEO Premium plugin. -->","yoast_head_json":{"title":"Ocena Genetyczna - ABS Global Polska","robots":{"index":"index","follow":"follow","max-snippet":"max-snippet:-1","max-image-preview":"max-image-preview:large","max-video-preview":"max-video-preview:-1"},"canonical":"https:\/\/www.absglobal.com\/pl\/genetic-assessment\/","og_locale":"pl_PL","og_type":"article","og_title":"Ocena Genetyczna","og_description":"Ocena Genetyczna- Walidacja, wskaz\u00f3wki i inteligenty post\u0119p genetyczny Post\u0119p genetyczny nie nast\u0119puje z dnia na dzie\u0144. Dlatego te\u017c trudno na co dzie\u0144 dostrzec, \u017ce Twoje stado staje si\u0119 coraz lepsze. Ocena genetyczna jest sposobem na potwierdzenie, \u017ce genetyka w Twoim stadzie zmierza we w\u0142a\u015bciwym kierunku. Proces ten odbywa si\u0119 poprzez analiz\u0119 rodowodu lub informacji genomowej [&hellip;]","og_url":"https:\/\/www.absglobal.com\/pl\/genetic-assessment\/","og_site_name":"ABS Global Polska","article_modified_time":"2024-03-08T11:59:57+00:00","twitter_card":"summary_large_image","twitter_misc":{"Est. reading time":"1 minuta"},"schema":{"@context":"https:\/\/schema.org","@graph":[{"@type":"WebPage","@id":"https:\/\/www.absglobal.com\/pl\/genetic-assessment\/","url":"https:\/\/www.absglobal.com\/pl\/genetic-assessment\/","name":"Ocena Genetyczna - ABS Global Polska","isPartOf":{"@id":"https:\/\/www.absglobal.com\/pl\/#website"},"datePublished":"2020-02-24T15:43:15+00:00","dateModified":"2024-03-08T11:59:57+00:00","breadcrumb":{"@id":"https:\/\/www.absglobal.com\/pl\/genetic-assessment\/#breadcrumb"},"inLanguage":"pl-PL","potentialAction":[{"@type":"ReadAction","target":["https:\/\/www.absglobal.com\/pl\/genetic-assessment\/"]}]},{"@type":"BreadcrumbList","@id":"https:\/\/www.absglobal.com\/pl\/genetic-assessment\/#breadcrumb","itemListElement":[{"@type":"ListItem","position":1,"name":"Home","item":"https:\/\/www.absglobal.com\/pl\/"},{"@type":"ListItem","position":2,"name":"Ocena Genetyczna"}]},{"@type":"WebSite","@id":"https:\/\/www.absglobal.com\/pl\/#website","url":"https:\/\/www.absglobal.com\/pl\/","name":"ABS Global Polska","description":"Profit From Genetic Progress","publisher":{"@id":"https:\/\/www.absglobal.com\/pl\/#organization"},"potentialAction":[{"@type":"SearchAction","target":{"@type":"EntryPoint","urlTemplate":"https:\/\/www.absglobal.com\/pl\/?s={search_term_string}"},"query-input":{"@type":"PropertyValueSpecification","valueRequired":true,"valueName":"search_term_string"}}],"inLanguage":"pl-PL"},{"@type":"Organization","@id":"https:\/\/www.absglobal.com\/pl\/#organization","name":"ABS Global Polska","url":"https:\/\/www.absglobal.com\/pl\/","logo":{"@type":"ImageObject","inLanguage":"pl-PL","@id":"https:\/\/www.absglobal.com\/pl\/#\/schema\/logo\/image\/","url":"https:\/\/www.absglobal.com\/pl\/wp-content\/uploads\/sites\/29\/2020\/11\/cropped-ABS.png","contentUrl":"https:\/\/www.absglobal.com\/pl\/wp-content\/uploads\/sites\/29\/2020\/11\/cropped-ABS.png","width":405,"height":405,"caption":"ABS Global Polska"},"image":{"@id":"https:\/\/www.absglobal.com\/pl\/#\/schema\/logo\/image\/"}}]}},"_links":{"self":[{"href":"https:\/\/www.absglobal.com\/pl\/wp-json\/wp\/v2\/pages\/1745"}],"collection":[{"href":"https:\/\/www.absglobal.com\/pl\/wp-json\/wp\/v2\/pages"}],"about":[{"href":"https:\/\/www.absglobal.com\/pl\/wp-json\/wp\/v2\/types\/page"}],"author":[{"embeddable":true,"href":"https:\/\/www.absglobal.com\/pl\/wp-json\/wp\/v2\/users\/289"}],"replies":[{"embeddable":true,"href":"https:\/\/www.absglobal.com\/pl\/wp-json\/wp\/v2\/comments?post=1745"}],"version-history":[{"count":26,"href":"https:\/\/www.absglobal.com\/pl\/wp-json\/wp\/v2\/pages\/1745\/revisions"}],"predecessor-version":[{"id":4854,"href":"https:\/\/www.absglobal.com\/pl\/wp-json\/wp\/v2\/pages\/1745\/revisions\/4854"}],"wp:attachment":[{"href":"https:\/\/www.absglobal.com\/pl\/wp-json\/wp\/v2\/media?parent=1745"}],"curies":[{"name":"wp","href":"https:\/\/api.w.org\/{rel}","templated":true}]}}