{"id":1800,"date":"2020-02-24T14:30:17","date_gmt":"2020-02-24T19:30:17","guid":{"rendered":"http:\/\/cms.genusplc.com\/absglobal\/?page_id=1800"},"modified":"2021-03-19T07:06:16","modified_gmt":"2021-03-19T12:06:16","slug":"cow-comfort","status":"publish","type":"page","link":"https:\/\/www.absglobal.com\/pl\/cow-comfort\/","title":{"rendered":"Dobrostan kr\u00f3w"},"content":{"rendered":"\n<p>Komfort kr\u00f3w jest bezpo\u015brednio zwi\u0105zany ze zdrowiem zwierz\u0105t i ich dobrostanem. Warunki, jakie zapewnisz swoim krowom, maj\u0105 wp\u0142yw na ich wydajno\u015b\u0107 oraz wska\u017aniki reprodukcji.<\/p>\n\n\n\n<p>Poniewa\u017c trudno jest zmierzy\u0107 dok\u0142adne korzy\u015bci wynikaj\u0105ce z zapewnienia krowom odpowiednich warunk\u00f3w, inwestowanie w komfort kr\u00f3w jest cz\u0119sto postrzegane jako dodatkowy wydatek. Jednak\u017ce ignoworowanie zagadnie\u0144 zwi\u0105zanych z komfortem zwierz\u0105t, zagra\u017ca prawid\u0142owemu dzia\u0142aniu gospodarstwa mlecznego. Jest to zwi\u0105zane ze wzrostem koszt\u00f3w leczenia i stratami w produkcji, co w efekcie prowadzi do obni\u017cenia rentowno\u015bci gospodarstwa.<\/p>\n\n\n\n<p>Dobrostan kr\u00f3w ma kluczowe znaczenie w utrzymaniu zr\u00f3wnowa\u017conej produkcji mleka. Zwracanie uwagi na sygna\u0142y wysy\u0142ane przez krowy i zaspokojenie podstawowych potrzeb zwierz\u0105t, to czynniki w du\u017cej mierze wp\u0142ywaj\u0105ce na sukces hodowli.<\/p>\n\n\n\n<div style=\"height:50px\" aria-hidden=\"true\" class=\"wp-block-spacer\"><\/div>\n\n\n\n<h2 class=\"is-style-underline wp-block-heading\">Dobrostan Kr\u00f3w- Produkty Genus ABS <\/h2>\n\n\n\t\t<section id=\"\" class=\"alignwide section-wrapper section-wrapper-small-fluid block-product-slider\" data-magellan-target=\"\">\n\t\t\t<div class=\"carousel-card-section owl-carousel owl-theme\">\n\t\t\t\t\t\t\t\t\t\t<div class=\"card\">\n\t\t\t\t\t\t\t\t\t\t\t\t\t\t\t<img decoding=\"async\" class=\"card-img\" src=\"https:\/\/www.absglobal.com\/pl\/wp-content\/uploads\/sites\/29\/2020\/03\/product-Transitionright-3.jpg?w=1000&#038;resize=375,250\" alt=\"Obraz wyrob\u00f3w medycznych\">\n\t\t\t\t\t\t\t\t\t\t\t\t\t\t<div class=\"card-section\">\n\t\t\t\t\t\t\t\t<h3 class=\"card-title\">TransitionRight\u00ae<\/h3>\n\t\t\t\t\t\t\t\t\t\t\t\t\t\t\t\t\t\t\t\t\t\t\t\t\t<p class=\"card-description\">Zamiast Reagowa\u0107, Zapobiegaj Poprzez Genetyk\u0119. Choroby okresu przej\u015bciowego odbijaj\u0105 si\u0119 na Twoim czasie, pieni\u0105dzach i wydajno\u015bci stada. Dzi\u015b jednak mo\u017cliwe jest zmniejszenie ryzyka dzi\u0119ki ulepszonemu indeksowi TransitionRight\u00ae firmy ABS Global. ABS Global, \u015bwiatowy lider w dziedzinie genetyki byd\u0142a, us\u0142ug rozrodu i technologii, wykorzystuje udoskonalony program genetyczny, kt\u00f3ry ocenia zar\u00f3wno sprawdzone dane, jak i oceny genomiczne [&hellip;]<\/p>\n\t\t\t\t\t\t\t\t\n\t\t\t\t\t\t\t\t<a href=\"https:\/\/www.absglobal.com\/pl\/Produkty\/transitionright\/\" class=\"card-section-button button\">Dowiedz si\u0119 wi\u0119cej<\/a>\n\t\t\t\t\t\t\t<\/div>\n\t\t\t\t\t\t<\/div>\n\t\t\t\t\t\t\t\t\t\t\t\t<div class=\"card\">\n\t\t\t\t\t\t\t\t\t\t\t\t\t\t\t<img decoding=\"async\" class=\"card-img\" src=\"https:\/\/www.absglobal.com\/pl\/wp-content\/uploads\/sites\/29\/2020\/03\/product-valiant.jpeg?w=1000&#038;resize=375,250\" alt=\"Obraz wyrob\u00f3w medycznych\">\n\t\t\t\t\t\t\t\t\t\t\t\t\t\t<div class=\"card-section\">\n\t\t\t\t\t\t\t\t<h3 class=\"card-title\">Valiant\u2122<\/h3>\n\t\t\t\t\t\t\t\t\t\t\t\t\t\t\t\t\t\t\t\t\t\t\t\t\t<p class=\"card-description\">Gama produkt\u00f3w Valiant do piel\u0119gnacji wymion obejmuje zar\u00f3wno produkty stosowane przed udojem, jak i po udoju, pomagaj\u0105ce poprawi\u0107 zdrowie wymion w stadzie. Valiant Foam-Ultra to produkt do piel\u0119gnacji wymion przeznaczony do stosowania przed dojem. Jego dzia\u0142anie pieni\u0105ce czy\u015bci skuteczniej ni\u017c p\u0142yn, zapewniaj\u0105c najwy\u017cszy standard oczyszczania wst\u0119pnego.<\/p>\n\t\t\t\t\t\t\t\t\n\t\t\t\t\t\t\t\t<a href=\"https:\/\/www.absglobal.com\/pl\/Produkty\/valiant\/\" class=\"card-section-button button\">Dowiedz si\u0119 wi\u0119cej<\/a>\n\t\t\t\t\t\t\t<\/div>\n\t\t\t\t\t\t<\/div>\n\t\t\t\t\t\t\t\t\t<\/div>\n\t\t<\/section>\n\t\t\n\n\n\n\n<p><\/p>\n","protected":false},"excerpt":{"rendered":"<p>Komfort kr\u00f3w jest bezpo\u015brednio zwi\u0105zany ze zdrowiem zwierz\u0105t i ich dobrostanem. Warunki, jakie zapewnisz swoim krowom, maj\u0105 wp\u0142yw na ich wydajno\u015b\u0107 oraz wska\u017aniki reprodukcji. Poniewa\u017c trudno jest zmierzy\u0107 dok\u0142adne korzy\u015bci wynikaj\u0105ce z zapewnienia krowom odpowiednich warunk\u00f3w, inwestowanie w komfort kr\u00f3w jest cz\u0119sto postrzegane jako dodatkowy wydatek. Jednak\u017ce ignoworowanie zagadnie\u0144 zwi\u0105zanych z komfortem zwierz\u0105t, zagra\u017ca prawid\u0142owemu [&hellip;]<\/p>\n","protected":false},"author":289,"featured_media":0,"parent":0,"menu_order":0,"comment_status":"closed","ping_status":"closed","template":"","meta":{"_acf_changed":false,"content-type":"","footnotes":""},"class_list":["post-1800","page","type-page","status-publish","hentry"],"acf":[],"yoast_head":"<!-- This site is optimized with the Yoast SEO Premium plugin v25.6 (Yoast SEO v25.6) - https:\/\/yoast.com\/wordpress\/plugins\/seo\/ -->\n<title>Dobrostan kr\u00f3w - ABS Global Polska<\/title>\n<meta name=\"robots\" content=\"index, follow, max-snippet:-1, max-image-preview:large, max-video-preview:-1\" \/>\n<link rel=\"canonical\" href=\"https:\/\/www.absglobal.com\/pl\/cow-comfort\/\" \/>\n<meta property=\"og:locale\" content=\"pl_PL\" \/>\n<meta property=\"og:type\" content=\"article\" \/>\n<meta property=\"og:title\" content=\"Dobrostan kr\u00f3w\" \/>\n<meta property=\"og:description\" content=\"Komfort kr\u00f3w jest bezpo\u015brednio zwi\u0105zany ze zdrowiem zwierz\u0105t i ich dobrostanem. Warunki, jakie zapewnisz swoim krowom, maj\u0105 wp\u0142yw na ich wydajno\u015b\u0107 oraz wska\u017aniki reprodukcji. Poniewa\u017c trudno jest zmierzy\u0107 dok\u0142adne korzy\u015bci wynikaj\u0105ce z zapewnienia krowom odpowiednich warunk\u00f3w, inwestowanie w komfort kr\u00f3w jest cz\u0119sto postrzegane jako dodatkowy wydatek. Jednak\u017ce ignoworowanie zagadnie\u0144 zwi\u0105zanych z komfortem zwierz\u0105t, zagra\u017ca prawid\u0142owemu [&hellip;]\" \/>\n<meta property=\"og:url\" content=\"https:\/\/www.absglobal.com\/pl\/cow-comfort\/\" \/>\n<meta property=\"og:site_name\" content=\"ABS Global Polska\" \/>\n<meta property=\"article:modified_time\" content=\"2021-03-19T12:06:16+00:00\" \/>\n<meta name=\"twitter:card\" content=\"summary_large_image\" \/>\n<meta name=\"twitter:label1\" content=\"Est. reading time\" \/>\n\t<meta name=\"twitter:data1\" content=\"1 minuta\" \/>\n<script type=\"application\/ld+json\" class=\"yoast-schema-graph\">{\"@context\":\"https:\/\/schema.org\",\"@graph\":[{\"@type\":\"WebPage\",\"@id\":\"https:\/\/www.absglobal.com\/pl\/cow-comfort\/\",\"url\":\"https:\/\/www.absglobal.com\/pl\/cow-comfort\/\",\"name\":\"Dobrostan kr\u00f3w - ABS Global Polska\",\"isPartOf\":{\"@id\":\"https:\/\/www.absglobal.com\/pl\/#website\"},\"datePublished\":\"2020-02-24T19:30:17+00:00\",\"dateModified\":\"2021-03-19T12:06:16+00:00\",\"breadcrumb\":{\"@id\":\"https:\/\/www.absglobal.com\/pl\/cow-comfort\/#breadcrumb\"},\"inLanguage\":\"pl-PL\",\"potentialAction\":[{\"@type\":\"ReadAction\",\"target\":[\"https:\/\/www.absglobal.com\/pl\/cow-comfort\/\"]}]},{\"@type\":\"BreadcrumbList\",\"@id\":\"https:\/\/www.absglobal.com\/pl\/cow-comfort\/#breadcrumb\",\"itemListElement\":[{\"@type\":\"ListItem\",\"position\":1,\"name\":\"Home\",\"item\":\"https:\/\/www.absglobal.com\/pl\/\"},{\"@type\":\"ListItem\",\"position\":2,\"name\":\"Dobrostan kr\u00f3w\"}]},{\"@type\":\"WebSite\",\"@id\":\"https:\/\/www.absglobal.com\/pl\/#website\",\"url\":\"https:\/\/www.absglobal.com\/pl\/\",\"name\":\"ABS Global Polska\",\"description\":\"Profit From Genetic Progress\",\"publisher\":{\"@id\":\"https:\/\/www.absglobal.com\/pl\/#organization\"},\"potentialAction\":[{\"@type\":\"SearchAction\",\"target\":{\"@type\":\"EntryPoint\",\"urlTemplate\":\"https:\/\/www.absglobal.com\/pl\/?s={search_term_string}\"},\"query-input\":{\"@type\":\"PropertyValueSpecification\",\"valueRequired\":true,\"valueName\":\"search_term_string\"}}],\"inLanguage\":\"pl-PL\"},{\"@type\":\"Organization\",\"@id\":\"https:\/\/www.absglobal.com\/pl\/#organization\",\"name\":\"ABS Global Polska\",\"url\":\"https:\/\/www.absglobal.com\/pl\/\",\"logo\":{\"@type\":\"ImageObject\",\"inLanguage\":\"pl-PL\",\"@id\":\"https:\/\/www.absglobal.com\/pl\/#\/schema\/logo\/image\/\",\"url\":\"https:\/\/www.absglobal.com\/pl\/wp-content\/uploads\/sites\/29\/2020\/11\/cropped-ABS.png\",\"contentUrl\":\"https:\/\/www.absglobal.com\/pl\/wp-content\/uploads\/sites\/29\/2020\/11\/cropped-ABS.png\",\"width\":405,\"height\":405,\"caption\":\"ABS Global Polska\"},\"image\":{\"@id\":\"https:\/\/www.absglobal.com\/pl\/#\/schema\/logo\/image\/\"}}]}<\/script>\n<!-- \/ Yoast SEO Premium plugin. -->","yoast_head_json":{"title":"Dobrostan kr\u00f3w - ABS Global Polska","robots":{"index":"index","follow":"follow","max-snippet":"max-snippet:-1","max-image-preview":"max-image-preview:large","max-video-preview":"max-video-preview:-1"},"canonical":"https:\/\/www.absglobal.com\/pl\/cow-comfort\/","og_locale":"pl_PL","og_type":"article","og_title":"Dobrostan kr\u00f3w","og_description":"Komfort kr\u00f3w jest bezpo\u015brednio zwi\u0105zany ze zdrowiem zwierz\u0105t i ich dobrostanem. Warunki, jakie zapewnisz swoim krowom, maj\u0105 wp\u0142yw na ich wydajno\u015b\u0107 oraz wska\u017aniki reprodukcji. Poniewa\u017c trudno jest zmierzy\u0107 dok\u0142adne korzy\u015bci wynikaj\u0105ce z zapewnienia krowom odpowiednich warunk\u00f3w, inwestowanie w komfort kr\u00f3w jest cz\u0119sto postrzegane jako dodatkowy wydatek. Jednak\u017ce ignoworowanie zagadnie\u0144 zwi\u0105zanych z komfortem zwierz\u0105t, zagra\u017ca prawid\u0142owemu [&hellip;]","og_url":"https:\/\/www.absglobal.com\/pl\/cow-comfort\/","og_site_name":"ABS Global Polska","article_modified_time":"2021-03-19T12:06:16+00:00","twitter_card":"summary_large_image","twitter_misc":{"Est. reading time":"1 minuta"},"schema":{"@context":"https:\/\/schema.org","@graph":[{"@type":"WebPage","@id":"https:\/\/www.absglobal.com\/pl\/cow-comfort\/","url":"https:\/\/www.absglobal.com\/pl\/cow-comfort\/","name":"Dobrostan kr\u00f3w - ABS Global Polska","isPartOf":{"@id":"https:\/\/www.absglobal.com\/pl\/#website"},"datePublished":"2020-02-24T19:30:17+00:00","dateModified":"2021-03-19T12:06:16+00:00","breadcrumb":{"@id":"https:\/\/www.absglobal.com\/pl\/cow-comfort\/#breadcrumb"},"inLanguage":"pl-PL","potentialAction":[{"@type":"ReadAction","target":["https:\/\/www.absglobal.com\/pl\/cow-comfort\/"]}]},{"@type":"BreadcrumbList","@id":"https:\/\/www.absglobal.com\/pl\/cow-comfort\/#breadcrumb","itemListElement":[{"@type":"ListItem","position":1,"name":"Home","item":"https:\/\/www.absglobal.com\/pl\/"},{"@type":"ListItem","position":2,"name":"Dobrostan kr\u00f3w"}]},{"@type":"WebSite","@id":"https:\/\/www.absglobal.com\/pl\/#website","url":"https:\/\/www.absglobal.com\/pl\/","name":"ABS Global Polska","description":"Profit From Genetic Progress","publisher":{"@id":"https:\/\/www.absglobal.com\/pl\/#organization"},"potentialAction":[{"@type":"SearchAction","target":{"@type":"EntryPoint","urlTemplate":"https:\/\/www.absglobal.com\/pl\/?s={search_term_string}"},"query-input":{"@type":"PropertyValueSpecification","valueRequired":true,"valueName":"search_term_string"}}],"inLanguage":"pl-PL"},{"@type":"Organization","@id":"https:\/\/www.absglobal.com\/pl\/#organization","name":"ABS Global Polska","url":"https:\/\/www.absglobal.com\/pl\/","logo":{"@type":"ImageObject","inLanguage":"pl-PL","@id":"https:\/\/www.absglobal.com\/pl\/#\/schema\/logo\/image\/","url":"https:\/\/www.absglobal.com\/pl\/wp-content\/uploads\/sites\/29\/2020\/11\/cropped-ABS.png","contentUrl":"https:\/\/www.absglobal.com\/pl\/wp-content\/uploads\/sites\/29\/2020\/11\/cropped-ABS.png","width":405,"height":405,"caption":"ABS Global Polska"},"image":{"@id":"https:\/\/www.absglobal.com\/pl\/#\/schema\/logo\/image\/"}}]}},"_links":{"self":[{"href":"https:\/\/www.absglobal.com\/pl\/wp-json\/wp\/v2\/pages\/1800"}],"collection":[{"href":"https:\/\/www.absglobal.com\/pl\/wp-json\/wp\/v2\/pages"}],"about":[{"href":"https:\/\/www.absglobal.com\/pl\/wp-json\/wp\/v2\/types\/page"}],"author":[{"embeddable":true,"href":"https:\/\/www.absglobal.com\/pl\/wp-json\/wp\/v2\/users\/289"}],"replies":[{"embeddable":true,"href":"https:\/\/www.absglobal.com\/pl\/wp-json\/wp\/v2\/comments?post=1800"}],"version-history":[{"count":34,"href":"https:\/\/www.absglobal.com\/pl\/wp-json\/wp\/v2\/pages\/1800\/revisions"}],"predecessor-version":[{"id":4484,"href":"https:\/\/www.absglobal.com\/pl\/wp-json\/wp\/v2\/pages\/1800\/revisions\/4484"}],"wp:attachment":[{"href":"https:\/\/www.absglobal.com\/pl\/wp-json\/wp\/v2\/media?parent=1800"}],"curies":[{"name":"wp","href":"https:\/\/api.w.org\/{rel}","templated":true}]}}