{"id":2105,"date":"2020-03-10T11:25:40","date_gmt":"2020-03-10T16:25:40","guid":{"rendered":"http:\/\/cms.genusplc.com\/absglobal\/?page_id=2105"},"modified":"2020-11-13T09:11:53","modified_gmt":"2020-11-13T14:11:53","slug":"supply-chain","status":"publish","type":"page","link":"https:\/\/www.absglobal.com\/pl\/supply-chain\/","title":{"rendered":"\u0141a\u0144cuch Dostaw"},"content":{"rendered":"\n<h2 class=\"wp-block-heading\">Od gospodarstwa do sto\u0142u, \u0142a\u0144cuch produkcji wo\u0142owiny opiera si\u0119 trzech g\u0142\u00f3wnych filarach: wydajno\u015bci, zdrowiu i genetyce.<\/h2>\n\n\n\n<div style=\"height:50px\" aria-hidden=\"true\" class=\"wp-block-spacer\"><\/div>\n\n\n\n<p>Dystrybucja pomi\u0119dzy kolejnymi ogniwami \u0142a\u0144cucha jest kluczowym elementem zapewniaj\u0105cym jego efektywno\u015b\u0107, w\u00f3wczas ka\u017cde ogniwo mo\u017ce skupi\u0107 si\u0119 na tym, co robi najlepiej. Na pocz\u0105tku tego procesu zawsze stoi genetyka, p\u00f3\u017aniej dochodz\u0105 takie sk\u0142adniki jak \u017cywienie i zdrowie, ale wszystkie one razem stanowi\u0105 o korzy\u015bciach w ca\u0142ym \u0142a\u0144cuchu produkcji.<\/p>\n\n\n\n<p>Znaj\u0105c wp\u0142yw genetyki na wydajno\u015b\u0107 rze\u017an\u0105, tusz\u0119 i jako\u015b\u0107 mi\u0119sa, hodowca mo\u017ce teraz patrze\u0107 na genetyk\u0119 jako spos\u00f3b na zwi\u0119kszenie r\u00f3wnowagi i rentowno\u015bci w \u0142a\u0144cuchu produkcji.<\/p>\n\n\n\n<div style=\"height:50px\" aria-hidden=\"true\" class=\"wp-block-spacer\"><\/div>\n\n\n\n<h2 class=\"is-style-underline wp-block-heading\">ABS opracowa\u0142 rozwi\u0105zania dla \u0142a\u0144cucha produkcji wo\u0142owiny:<\/h2>\n\n\n\t\t<section id=\"\" class=\"alignwide section-wrapper section-wrapper-small-fluid block-product-slider\" data-magellan-target=\"\">\n\t\t\t<div class=\"carousel-card-section owl-carousel owl-theme\">\n\t\t\t\t\t\t\t\t\t\t<div class=\"card\">\n\t\t\t\t\t\t\t\t\t\t\t\t\t\t\t<img decoding=\"async\" class=\"card-img\" src=\"https:\/\/www.absglobal.com\/pl\/wp-content\/uploads\/sites\/29\/2020\/03\/product-nuera-2.jpg?w=1000&#038;resize=375,250\" alt=\"Obraz wyrob\u00f3w medycznych\">\n\t\t\t\t\t\t\t\t\t\t\t\t\t\t<div class=\"card-section\">\n\t\t\t\t\t\t\t\t<h3 class=\"card-title\">NuEra Genetics\u2122<\/h3>\n\t\t\t\t\t\t\t\t\t\t\t\t\t\t\t\t\t\t\t\t\t\t\t\t\t<p class=\"card-description\">NuEra Genetics\u2122 firmy ABS Global obejmuje wszystkie zastrze\u017cone programy hodowli byd\u0142a ras mi\u0119snych, oceny oraz indeksy dla nich stworzone. Marka zosta\u0142a stworzona w 2017 roku i ma za zadanie dostarcza\u0107 doskona\u0142\u0105 zr\u00f3\u017cnicowan\u0105 genetyk\u0119 buhaj\u00f3w ras mi\u0119snych w celu poprawy rentowno\u015bci produkcji mlecznej i mi\u0119snej byd\u0142a. NuEra Genetics symbolizuje kolejny rozdzia\u0142 w historii genetyki buhaj\u00f3w ras [&hellip;]<\/p>\n\t\t\t\t\t\t\t\t\n\t\t\t\t\t\t\t\t<a href=\"https:\/\/www.absglobal.com\/pl\/Produkty\/nuera-genetics\/\" class=\"card-section-button button\">Dowiedz si\u0119 wi\u0119cej<\/a>\n\t\t\t\t\t\t\t<\/div>\n\t\t\t\t\t\t<\/div>\n\t\t\t\t\t\t\t\t\t<\/div>\n\t\t<\/section>\n\t\t\n\n","protected":false},"excerpt":{"rendered":"<p>Od gospodarstwa do sto\u0142u, \u0142a\u0144cuch produkcji wo\u0142owiny opiera si\u0119 trzech g\u0142\u00f3wnych filarach: wydajno\u015bci, zdrowiu i genetyce. Dystrybucja pomi\u0119dzy kolejnymi ogniwami \u0142a\u0144cucha jest kluczowym elementem zapewniaj\u0105cym jego efektywno\u015b\u0107, w\u00f3wczas ka\u017cde ogniwo mo\u017ce skupi\u0107 si\u0119 na tym, co robi najlepiej. Na pocz\u0105tku tego procesu zawsze stoi genetyka, p\u00f3\u017aniej dochodz\u0105 takie sk\u0142adniki jak \u017cywienie i zdrowie, ale wszystkie [&hellip;]<\/p>\n","protected":false},"author":289,"featured_media":0,"parent":0,"menu_order":0,"comment_status":"closed","ping_status":"closed","template":"","meta":{"_acf_changed":false,"content-type":"","footnotes":""},"class_list":["post-2105","page","type-page","status-publish","hentry"],"acf":[],"yoast_head":"<!-- This site is optimized with the Yoast SEO Premium plugin v25.6 (Yoast SEO v25.6) - https:\/\/yoast.com\/wordpress\/plugins\/seo\/ -->\n<title>\u0141a\u0144cuch Dostaw - ABS Global Polska<\/title>\n<meta name=\"robots\" content=\"index, follow, max-snippet:-1, max-image-preview:large, max-video-preview:-1\" \/>\n<link rel=\"canonical\" href=\"https:\/\/www.absglobal.com\/pl\/supply-chain\/\" \/>\n<meta property=\"og:locale\" content=\"pl_PL\" \/>\n<meta property=\"og:type\" content=\"article\" \/>\n<meta property=\"og:title\" content=\"\u0141a\u0144cuch Dostaw\" \/>\n<meta property=\"og:description\" content=\"Od gospodarstwa do sto\u0142u, \u0142a\u0144cuch produkcji wo\u0142owiny opiera si\u0119 trzech g\u0142\u00f3wnych filarach: wydajno\u015bci, zdrowiu i genetyce. Dystrybucja pomi\u0119dzy kolejnymi ogniwami \u0142a\u0144cucha jest kluczowym elementem zapewniaj\u0105cym jego efektywno\u015b\u0107, w\u00f3wczas ka\u017cde ogniwo mo\u017ce skupi\u0107 si\u0119 na tym, co robi najlepiej. Na pocz\u0105tku tego procesu zawsze stoi genetyka, p\u00f3\u017aniej dochodz\u0105 takie sk\u0142adniki jak \u017cywienie i zdrowie, ale wszystkie [&hellip;]\" \/>\n<meta property=\"og:url\" content=\"https:\/\/www.absglobal.com\/pl\/supply-chain\/\" \/>\n<meta property=\"og:site_name\" content=\"ABS Global Polska\" \/>\n<meta property=\"article:modified_time\" content=\"2020-11-13T14:11:53+00:00\" \/>\n<meta name=\"twitter:card\" content=\"summary_large_image\" \/>\n<meta name=\"twitter:label1\" content=\"Est. reading time\" \/>\n\t<meta name=\"twitter:data1\" content=\"1 minuta\" \/>\n<script type=\"application\/ld+json\" class=\"yoast-schema-graph\">{\"@context\":\"https:\/\/schema.org\",\"@graph\":[{\"@type\":\"WebPage\",\"@id\":\"https:\/\/www.absglobal.com\/pl\/supply-chain\/\",\"url\":\"https:\/\/www.absglobal.com\/pl\/supply-chain\/\",\"name\":\"\u0141a\u0144cuch Dostaw - ABS Global Polska\",\"isPartOf\":{\"@id\":\"https:\/\/www.absglobal.com\/pl\/#website\"},\"datePublished\":\"2020-03-10T16:25:40+00:00\",\"dateModified\":\"2020-11-13T14:11:53+00:00\",\"breadcrumb\":{\"@id\":\"https:\/\/www.absglobal.com\/pl\/supply-chain\/#breadcrumb\"},\"inLanguage\":\"pl-PL\",\"potentialAction\":[{\"@type\":\"ReadAction\",\"target\":[\"https:\/\/www.absglobal.com\/pl\/supply-chain\/\"]}]},{\"@type\":\"BreadcrumbList\",\"@id\":\"https:\/\/www.absglobal.com\/pl\/supply-chain\/#breadcrumb\",\"itemListElement\":[{\"@type\":\"ListItem\",\"position\":1,\"name\":\"Home\",\"item\":\"https:\/\/www.absglobal.com\/pl\/\"},{\"@type\":\"ListItem\",\"position\":2,\"name\":\"\u0141a\u0144cuch Dostaw\"}]},{\"@type\":\"WebSite\",\"@id\":\"https:\/\/www.absglobal.com\/pl\/#website\",\"url\":\"https:\/\/www.absglobal.com\/pl\/\",\"name\":\"ABS Global Polska\",\"description\":\"Profit From Genetic Progress\",\"publisher\":{\"@id\":\"https:\/\/www.absglobal.com\/pl\/#organization\"},\"potentialAction\":[{\"@type\":\"SearchAction\",\"target\":{\"@type\":\"EntryPoint\",\"urlTemplate\":\"https:\/\/www.absglobal.com\/pl\/?s={search_term_string}\"},\"query-input\":{\"@type\":\"PropertyValueSpecification\",\"valueRequired\":true,\"valueName\":\"search_term_string\"}}],\"inLanguage\":\"pl-PL\"},{\"@type\":\"Organization\",\"@id\":\"https:\/\/www.absglobal.com\/pl\/#organization\",\"name\":\"ABS Global Polska\",\"url\":\"https:\/\/www.absglobal.com\/pl\/\",\"logo\":{\"@type\":\"ImageObject\",\"inLanguage\":\"pl-PL\",\"@id\":\"https:\/\/www.absglobal.com\/pl\/#\/schema\/logo\/image\/\",\"url\":\"https:\/\/www.absglobal.com\/pl\/wp-content\/uploads\/sites\/29\/2020\/11\/cropped-ABS.png\",\"contentUrl\":\"https:\/\/www.absglobal.com\/pl\/wp-content\/uploads\/sites\/29\/2020\/11\/cropped-ABS.png\",\"width\":405,\"height\":405,\"caption\":\"ABS Global Polska\"},\"image\":{\"@id\":\"https:\/\/www.absglobal.com\/pl\/#\/schema\/logo\/image\/\"}}]}<\/script>\n<!-- \/ Yoast SEO Premium plugin. -->","yoast_head_json":{"title":"\u0141a\u0144cuch Dostaw - ABS Global Polska","robots":{"index":"index","follow":"follow","max-snippet":"max-snippet:-1","max-image-preview":"max-image-preview:large","max-video-preview":"max-video-preview:-1"},"canonical":"https:\/\/www.absglobal.com\/pl\/supply-chain\/","og_locale":"pl_PL","og_type":"article","og_title":"\u0141a\u0144cuch Dostaw","og_description":"Od gospodarstwa do sto\u0142u, \u0142a\u0144cuch produkcji wo\u0142owiny opiera si\u0119 trzech g\u0142\u00f3wnych filarach: wydajno\u015bci, zdrowiu i genetyce. Dystrybucja pomi\u0119dzy kolejnymi ogniwami \u0142a\u0144cucha jest kluczowym elementem zapewniaj\u0105cym jego efektywno\u015b\u0107, w\u00f3wczas ka\u017cde ogniwo mo\u017ce skupi\u0107 si\u0119 na tym, co robi najlepiej. Na pocz\u0105tku tego procesu zawsze stoi genetyka, p\u00f3\u017aniej dochodz\u0105 takie sk\u0142adniki jak \u017cywienie i zdrowie, ale wszystkie [&hellip;]","og_url":"https:\/\/www.absglobal.com\/pl\/supply-chain\/","og_site_name":"ABS Global Polska","article_modified_time":"2020-11-13T14:11:53+00:00","twitter_card":"summary_large_image","twitter_misc":{"Est. reading time":"1 minuta"},"schema":{"@context":"https:\/\/schema.org","@graph":[{"@type":"WebPage","@id":"https:\/\/www.absglobal.com\/pl\/supply-chain\/","url":"https:\/\/www.absglobal.com\/pl\/supply-chain\/","name":"\u0141a\u0144cuch Dostaw - ABS Global Polska","isPartOf":{"@id":"https:\/\/www.absglobal.com\/pl\/#website"},"datePublished":"2020-03-10T16:25:40+00:00","dateModified":"2020-11-13T14:11:53+00:00","breadcrumb":{"@id":"https:\/\/www.absglobal.com\/pl\/supply-chain\/#breadcrumb"},"inLanguage":"pl-PL","potentialAction":[{"@type":"ReadAction","target":["https:\/\/www.absglobal.com\/pl\/supply-chain\/"]}]},{"@type":"BreadcrumbList","@id":"https:\/\/www.absglobal.com\/pl\/supply-chain\/#breadcrumb","itemListElement":[{"@type":"ListItem","position":1,"name":"Home","item":"https:\/\/www.absglobal.com\/pl\/"},{"@type":"ListItem","position":2,"name":"\u0141a\u0144cuch Dostaw"}]},{"@type":"WebSite","@id":"https:\/\/www.absglobal.com\/pl\/#website","url":"https:\/\/www.absglobal.com\/pl\/","name":"ABS Global Polska","description":"Profit From Genetic Progress","publisher":{"@id":"https:\/\/www.absglobal.com\/pl\/#organization"},"potentialAction":[{"@type":"SearchAction","target":{"@type":"EntryPoint","urlTemplate":"https:\/\/www.absglobal.com\/pl\/?s={search_term_string}"},"query-input":{"@type":"PropertyValueSpecification","valueRequired":true,"valueName":"search_term_string"}}],"inLanguage":"pl-PL"},{"@type":"Organization","@id":"https:\/\/www.absglobal.com\/pl\/#organization","name":"ABS Global Polska","url":"https:\/\/www.absglobal.com\/pl\/","logo":{"@type":"ImageObject","inLanguage":"pl-PL","@id":"https:\/\/www.absglobal.com\/pl\/#\/schema\/logo\/image\/","url":"https:\/\/www.absglobal.com\/pl\/wp-content\/uploads\/sites\/29\/2020\/11\/cropped-ABS.png","contentUrl":"https:\/\/www.absglobal.com\/pl\/wp-content\/uploads\/sites\/29\/2020\/11\/cropped-ABS.png","width":405,"height":405,"caption":"ABS Global Polska"},"image":{"@id":"https:\/\/www.absglobal.com\/pl\/#\/schema\/logo\/image\/"}}]}},"_links":{"self":[{"href":"https:\/\/www.absglobal.com\/pl\/wp-json\/wp\/v2\/pages\/2105"}],"collection":[{"href":"https:\/\/www.absglobal.com\/pl\/wp-json\/wp\/v2\/pages"}],"about":[{"href":"https:\/\/www.absglobal.com\/pl\/wp-json\/wp\/v2\/types\/page"}],"author":[{"embeddable":true,"href":"https:\/\/www.absglobal.com\/pl\/wp-json\/wp\/v2\/users\/289"}],"replies":[{"embeddable":true,"href":"https:\/\/www.absglobal.com\/pl\/wp-json\/wp\/v2\/comments?post=2105"}],"version-history":[{"count":22,"href":"https:\/\/www.absglobal.com\/pl\/wp-json\/wp\/v2\/pages\/2105\/revisions"}],"predecessor-version":[{"id":4366,"href":"https:\/\/www.absglobal.com\/pl\/wp-json\/wp\/v2\/pages\/2105\/revisions\/4366"}],"wp:attachment":[{"href":"https:\/\/www.absglobal.com\/pl\/wp-json\/wp\/v2\/media?parent=2105"}],"curies":[{"name":"wp","href":"https:\/\/api.w.org\/{rel}","templated":true}]}}