{"id":2110,"date":"2020-03-10T11:31:17","date_gmt":"2020-03-10T16:31:17","guid":{"rendered":"http:\/\/cms.genusplc.com\/absglobal\/?page_id=2110"},"modified":"2020-12-17T12:07:30","modified_gmt":"2020-12-17T17:07:30","slug":"beef-fertility","status":"publish","type":"page","link":"https:\/\/www.absglobal.com\/pl\/beef-fertility\/","title":{"rendered":"P\u0142odno\u015b\u0107 Stada"},"content":{"rendered":"\n<p>Efektywno\u015b\u0107 reprodukcji w stadzie jest zwi\u0105zana z mo\u017cliwo\u015bci\u0105 zaj\u015bcia krowy w ci\u0105\u017c\u0119 w odpowiednim czasie. Reprodukcja jest kluczem do sukcesu w gospodarstwie mlecznym i jest wysoce powi\u0105zana z op\u0142acalno\u015bci\u0105 produkcji.<\/p>\n\n\n\n<p>Zwi\u0105zek mi\u0119dzy reprodukcj\u0105 a op\u0142acalno\u015bci\u0105 produkcji jest \u0142atwy do zrozumenia. Gospodarstwo mleczne, w kt\u00f3rym nie b\u0119dzie kr\u00f3w cielnych, nie b\u0119dzie posiada\u0142o kr\u00f3w \u015bwie\u017co wycielonych ani kr\u00f3w doj\u0105cych. To z kolei oznacza brak przychodu.<\/p>\n\n\n\n<p>Chocia\u017c mo\u017ce to zabrzmie\u0107 jak prosta matematyka, proces ten staje si\u0119 bardziej z\u0142o\u017cony, je\u015bli wzi\u0105\u0107 pod uwag\u0119 wska\u017aniki efektywno\u015bci. O ile cechy takie jak produkcja mleka s\u0105 kluczowe dla fermy byd\u0142a mlecznego, inwestycje poczynione w celu zaj\u015bcia krowy w ci\u0105\u017c\u0119 i czasu, jaki zajmuje uzyskanie ciel\u0119cia, r\u00f3wnie\u017c stanowi\u0105 o r\u00f3wnowadze funkcjonowania gospodarstwa..<\/p>\n\n\n\n<p>Dobrym sposobem podej\u015bcia do reprodukcji w stadzie byd\u0142a mlecznego jest zrozumenie, \u017ce wszystkie zmienne stanowi\u0105 system naczy\u0144 po\u0142\u0105czonych. Zmienne mo\u017cna podzieli\u0107 na pi\u0119\u0107 g\u0142\u00f3wnych filar\u00f3w: zwierz\u0119ta, ludzie, zarz\u0105dzanie, \u015brodowisko, nasienie\/zarodki. Obejmuje to wi\u0119kszo\u015b\u0107 obszaru, kt\u00f3ry mo\u017ce wp\u0142ywa\u0107 na p\u0142odno\u015b\u0107 stada. Przyjmuj\u0105c taki podzia\u0142, za ka\u017cdym razem, kiedy jedna ze zmiennych zaczyna \u017ale funkcjonowa\u0107, mo\u017cemy szybko zidentyfikowa\u0107 i rozwi\u0105za\u0107 problem, unikaj\u0105c sytuacji, kiedy stado zatrzymuje si\u0119 w martwym punkcie.<\/p>\n\n\n\n<div style=\"height:50px\" aria-hidden=\"true\" class=\"wp-block-spacer\"><\/div>\n\n\n\n<h2 class=\"is-style-underline wp-block-heading\"><\/h2>\n\n\n\n\n","protected":false},"excerpt":{"rendered":"<p>Efektywno\u015b\u0107 reprodukcji w stadzie jest zwi\u0105zana z mo\u017cliwo\u015bci\u0105 zaj\u015bcia krowy w ci\u0105\u017c\u0119 w odpowiednim czasie. Reprodukcja jest kluczem do sukcesu w gospodarstwie mlecznym i jest wysoce powi\u0105zana z op\u0142acalno\u015bci\u0105 produkcji. Zwi\u0105zek mi\u0119dzy reprodukcj\u0105 a op\u0142acalno\u015bci\u0105 produkcji jest \u0142atwy do zrozumenia. Gospodarstwo mleczne, w kt\u00f3rym nie b\u0119dzie kr\u00f3w cielnych, nie b\u0119dzie posiada\u0142o kr\u00f3w \u015bwie\u017co wycielonych ani [&hellip;]<\/p>\n","protected":false},"author":289,"featured_media":0,"parent":0,"menu_order":0,"comment_status":"closed","ping_status":"closed","template":"","meta":{"_acf_changed":false,"content-type":"","footnotes":""},"class_list":["post-2110","page","type-page","status-publish","hentry"],"acf":[],"yoast_head":"<!-- This site is optimized with the Yoast SEO Premium plugin v25.6 (Yoast SEO v25.6) - https:\/\/yoast.com\/wordpress\/plugins\/seo\/ -->\n<title>P\u0142odno\u015b\u0107 Stada - ABS Global Polska<\/title>\n<meta name=\"robots\" content=\"index, follow, max-snippet:-1, max-image-preview:large, max-video-preview:-1\" \/>\n<link rel=\"canonical\" href=\"https:\/\/www.absglobal.com\/pl\/beef-fertility\/\" \/>\n<meta property=\"og:locale\" content=\"pl_PL\" \/>\n<meta property=\"og:type\" content=\"article\" \/>\n<meta property=\"og:title\" content=\"P\u0142odno\u015b\u0107 Stada\" \/>\n<meta property=\"og:description\" content=\"Efektywno\u015b\u0107 reprodukcji w stadzie jest zwi\u0105zana z mo\u017cliwo\u015bci\u0105 zaj\u015bcia krowy w ci\u0105\u017c\u0119 w odpowiednim czasie. Reprodukcja jest kluczem do sukcesu w gospodarstwie mlecznym i jest wysoce powi\u0105zana z op\u0142acalno\u015bci\u0105 produkcji. Zwi\u0105zek mi\u0119dzy reprodukcj\u0105 a op\u0142acalno\u015bci\u0105 produkcji jest \u0142atwy do zrozumenia. Gospodarstwo mleczne, w kt\u00f3rym nie b\u0119dzie kr\u00f3w cielnych, nie b\u0119dzie posiada\u0142o kr\u00f3w \u015bwie\u017co wycielonych ani [&hellip;]\" \/>\n<meta property=\"og:url\" content=\"https:\/\/www.absglobal.com\/pl\/beef-fertility\/\" \/>\n<meta property=\"og:site_name\" content=\"ABS Global Polska\" \/>\n<meta property=\"article:modified_time\" content=\"2020-12-17T17:07:30+00:00\" \/>\n<meta name=\"twitter:card\" content=\"summary_large_image\" \/>\n<meta name=\"twitter:label1\" content=\"Est. reading time\" \/>\n\t<meta name=\"twitter:data1\" content=\"1 minuta\" \/>\n<script type=\"application\/ld+json\" class=\"yoast-schema-graph\">{\"@context\":\"https:\/\/schema.org\",\"@graph\":[{\"@type\":\"WebPage\",\"@id\":\"https:\/\/www.absglobal.com\/pl\/beef-fertility\/\",\"url\":\"https:\/\/www.absglobal.com\/pl\/beef-fertility\/\",\"name\":\"P\u0142odno\u015b\u0107 Stada - ABS Global Polska\",\"isPartOf\":{\"@id\":\"https:\/\/www.absglobal.com\/pl\/#website\"},\"datePublished\":\"2020-03-10T16:31:17+00:00\",\"dateModified\":\"2020-12-17T17:07:30+00:00\",\"breadcrumb\":{\"@id\":\"https:\/\/www.absglobal.com\/pl\/beef-fertility\/#breadcrumb\"},\"inLanguage\":\"pl-PL\",\"potentialAction\":[{\"@type\":\"ReadAction\",\"target\":[\"https:\/\/www.absglobal.com\/pl\/beef-fertility\/\"]}]},{\"@type\":\"BreadcrumbList\",\"@id\":\"https:\/\/www.absglobal.com\/pl\/beef-fertility\/#breadcrumb\",\"itemListElement\":[{\"@type\":\"ListItem\",\"position\":1,\"name\":\"Home\",\"item\":\"https:\/\/www.absglobal.com\/pl\/\"},{\"@type\":\"ListItem\",\"position\":2,\"name\":\"P\u0142odno\u015b\u0107 Stada\"}]},{\"@type\":\"WebSite\",\"@id\":\"https:\/\/www.absglobal.com\/pl\/#website\",\"url\":\"https:\/\/www.absglobal.com\/pl\/\",\"name\":\"ABS Global Polska\",\"description\":\"Profit From Genetic Progress\",\"publisher\":{\"@id\":\"https:\/\/www.absglobal.com\/pl\/#organization\"},\"potentialAction\":[{\"@type\":\"SearchAction\",\"target\":{\"@type\":\"EntryPoint\",\"urlTemplate\":\"https:\/\/www.absglobal.com\/pl\/?s={search_term_string}\"},\"query-input\":{\"@type\":\"PropertyValueSpecification\",\"valueRequired\":true,\"valueName\":\"search_term_string\"}}],\"inLanguage\":\"pl-PL\"},{\"@type\":\"Organization\",\"@id\":\"https:\/\/www.absglobal.com\/pl\/#organization\",\"name\":\"ABS Global Polska\",\"url\":\"https:\/\/www.absglobal.com\/pl\/\",\"logo\":{\"@type\":\"ImageObject\",\"inLanguage\":\"pl-PL\",\"@id\":\"https:\/\/www.absglobal.com\/pl\/#\/schema\/logo\/image\/\",\"url\":\"https:\/\/www.absglobal.com\/pl\/wp-content\/uploads\/sites\/29\/2020\/11\/cropped-ABS.png\",\"contentUrl\":\"https:\/\/www.absglobal.com\/pl\/wp-content\/uploads\/sites\/29\/2020\/11\/cropped-ABS.png\",\"width\":405,\"height\":405,\"caption\":\"ABS Global Polska\"},\"image\":{\"@id\":\"https:\/\/www.absglobal.com\/pl\/#\/schema\/logo\/image\/\"}}]}<\/script>\n<!-- \/ Yoast SEO Premium plugin. -->","yoast_head_json":{"title":"P\u0142odno\u015b\u0107 Stada - ABS Global Polska","robots":{"index":"index","follow":"follow","max-snippet":"max-snippet:-1","max-image-preview":"max-image-preview:large","max-video-preview":"max-video-preview:-1"},"canonical":"https:\/\/www.absglobal.com\/pl\/beef-fertility\/","og_locale":"pl_PL","og_type":"article","og_title":"P\u0142odno\u015b\u0107 Stada","og_description":"Efektywno\u015b\u0107 reprodukcji w stadzie jest zwi\u0105zana z mo\u017cliwo\u015bci\u0105 zaj\u015bcia krowy w ci\u0105\u017c\u0119 w odpowiednim czasie. Reprodukcja jest kluczem do sukcesu w gospodarstwie mlecznym i jest wysoce powi\u0105zana z op\u0142acalno\u015bci\u0105 produkcji. Zwi\u0105zek mi\u0119dzy reprodukcj\u0105 a op\u0142acalno\u015bci\u0105 produkcji jest \u0142atwy do zrozumenia. Gospodarstwo mleczne, w kt\u00f3rym nie b\u0119dzie kr\u00f3w cielnych, nie b\u0119dzie posiada\u0142o kr\u00f3w \u015bwie\u017co wycielonych ani [&hellip;]","og_url":"https:\/\/www.absglobal.com\/pl\/beef-fertility\/","og_site_name":"ABS Global Polska","article_modified_time":"2020-12-17T17:07:30+00:00","twitter_card":"summary_large_image","twitter_misc":{"Est. reading time":"1 minuta"},"schema":{"@context":"https:\/\/schema.org","@graph":[{"@type":"WebPage","@id":"https:\/\/www.absglobal.com\/pl\/beef-fertility\/","url":"https:\/\/www.absglobal.com\/pl\/beef-fertility\/","name":"P\u0142odno\u015b\u0107 Stada - ABS Global Polska","isPartOf":{"@id":"https:\/\/www.absglobal.com\/pl\/#website"},"datePublished":"2020-03-10T16:31:17+00:00","dateModified":"2020-12-17T17:07:30+00:00","breadcrumb":{"@id":"https:\/\/www.absglobal.com\/pl\/beef-fertility\/#breadcrumb"},"inLanguage":"pl-PL","potentialAction":[{"@type":"ReadAction","target":["https:\/\/www.absglobal.com\/pl\/beef-fertility\/"]}]},{"@type":"BreadcrumbList","@id":"https:\/\/www.absglobal.com\/pl\/beef-fertility\/#breadcrumb","itemListElement":[{"@type":"ListItem","position":1,"name":"Home","item":"https:\/\/www.absglobal.com\/pl\/"},{"@type":"ListItem","position":2,"name":"P\u0142odno\u015b\u0107 Stada"}]},{"@type":"WebSite","@id":"https:\/\/www.absglobal.com\/pl\/#website","url":"https:\/\/www.absglobal.com\/pl\/","name":"ABS Global Polska","description":"Profit From Genetic Progress","publisher":{"@id":"https:\/\/www.absglobal.com\/pl\/#organization"},"potentialAction":[{"@type":"SearchAction","target":{"@type":"EntryPoint","urlTemplate":"https:\/\/www.absglobal.com\/pl\/?s={search_term_string}"},"query-input":{"@type":"PropertyValueSpecification","valueRequired":true,"valueName":"search_term_string"}}],"inLanguage":"pl-PL"},{"@type":"Organization","@id":"https:\/\/www.absglobal.com\/pl\/#organization","name":"ABS Global Polska","url":"https:\/\/www.absglobal.com\/pl\/","logo":{"@type":"ImageObject","inLanguage":"pl-PL","@id":"https:\/\/www.absglobal.com\/pl\/#\/schema\/logo\/image\/","url":"https:\/\/www.absglobal.com\/pl\/wp-content\/uploads\/sites\/29\/2020\/11\/cropped-ABS.png","contentUrl":"https:\/\/www.absglobal.com\/pl\/wp-content\/uploads\/sites\/29\/2020\/11\/cropped-ABS.png","width":405,"height":405,"caption":"ABS Global Polska"},"image":{"@id":"https:\/\/www.absglobal.com\/pl\/#\/schema\/logo\/image\/"}}]}},"_links":{"self":[{"href":"https:\/\/www.absglobal.com\/pl\/wp-json\/wp\/v2\/pages\/2110"}],"collection":[{"href":"https:\/\/www.absglobal.com\/pl\/wp-json\/wp\/v2\/pages"}],"about":[{"href":"https:\/\/www.absglobal.com\/pl\/wp-json\/wp\/v2\/types\/page"}],"author":[{"embeddable":true,"href":"https:\/\/www.absglobal.com\/pl\/wp-json\/wp\/v2\/users\/289"}],"replies":[{"embeddable":true,"href":"https:\/\/www.absglobal.com\/pl\/wp-json\/wp\/v2\/comments?post=2110"}],"version-history":[{"count":24,"href":"https:\/\/www.absglobal.com\/pl\/wp-json\/wp\/v2\/pages\/2110\/revisions"}],"predecessor-version":[{"id":4402,"href":"https:\/\/www.absglobal.com\/pl\/wp-json\/wp\/v2\/pages\/2110\/revisions\/4402"}],"wp:attachment":[{"href":"https:\/\/www.absglobal.com\/pl\/wp-json\/wp\/v2\/media?parent=2110"}],"curies":[{"name":"wp","href":"https:\/\/api.w.org\/{rel}","templated":true}]}}