{"id":2461,"date":"2020-03-12T14:48:53","date_gmt":"2020-03-12T19:48:53","guid":{"rendered":"http:\/\/cms.genusplc.com\/absglobal\/?page_id=2461"},"modified":"2021-03-05T16:06:03","modified_gmt":"2021-03-05T21:06:03","slug":"udder-care","status":"publish","type":"page","link":"https:\/\/www.absglobal.com\/pl\/udder-care\/","title":{"rendered":"Piel\u0119gnacja Wymienia"},"content":{"rendered":"\n<p>Prawid\u0142owo przeprowadzona procedura dojenia zale\u017cy od warunk\u00f3w \u015brodowiska, wyposa\u017cenia i piel\u0119gnacji wymion. Je\u017celi wyst\u0119puj\u0105 jakiekolwiek deficyty w kt\u00f3rym\u015b z tych obszar\u00f3w, ryzyko wzrostu wska\u017anika zapalenia wymienia jest znacz\u0105co wy\u017csze. <\/p>\n\n\n\n<p>Nieprawid\u0142owa procedura doju wp\u0142ywa negatywnie na wydajno\u015b\u0107 doju i komfort krowy. Z\u0142a prodecura z niewystarczaj\u0105cym dippingiem i\/lub oczyszczeniem pozostawi na strzykach bakterie, kt\u00f3re mog\u0105 prowadzi\u0107 do zwi\u0119kszenia liczby przypadk\u00f3w zapalenia wymienia.<\/p>\n\n\n\n<p>Co raz cz\u0119\u015bciej w gospodarstwach mlecznych obserwuje si\u0119 omijanie czynno\u015bci przedzdajania celem oszcz\u0119dno\u015bci czasu. Czynno\u015b\u0107 ta rzeczywi\u015bcie op\u00f3\u017ania d\u00f3j w\u0142a\u015bciwy, poniewa\u017c r\u00f3wnie\u017c wtedy nast\u0119puje kontrola pierwszych porcji mleka w kierunku mastitis. Jednak\u017ce eliminowanie tego kroku utrudnia wczesne wykrycie problem\u00f3w i w konsekwencji spowoduje wieksz\u0105 utrat\u0119 pieni\u0119dzy i czasu.<\/p>\n\n\n\n<p>W takim przypadku, lepiej zapobiega\u0107 ni\u017c leczy\u0107. Utrzymuj\u0105c prawid\u0142owe warunki \u015brodowiskowe, sprz\u0119t i piel\u0119gnacj\u0119 wymion, wska\u017anik zapadalno\u015bci na mastitis spadnie, a op\u0142acalno\u015b\u0107 produkcji wzro\u015bnie.<\/p>\n\n\n\n<div style=\"height:100px\" aria-hidden=\"true\" class=\"wp-block-spacer\"><\/div>\n\n\n\n<h2 class=\"is-style-underline wp-block-heading\">Rozwi\u0105zania Genus ABS w zakresie piel\u0119gnacji wymienia<\/h2>\n\n\n\t\t<section id=\"\" class=\"alignwide section-wrapper section-wrapper-small-fluid block-product-slider\" data-magellan-target=\"\">\n\t\t\t<div class=\"carousel-card-section owl-carousel owl-theme\">\n\t\t\t\t\t\t\t\t\t\t<div class=\"card\">\n\t\t\t\t\t\t\t\t\t\t\t\t\t\t\t<img decoding=\"async\" class=\"card-img\" src=\"https:\/\/www.absglobal.com\/pl\/wp-content\/uploads\/sites\/29\/2020\/03\/product-Transitionright-3.jpg?w=1000&#038;resize=375,250\" alt=\"Obraz wyrob\u00f3w medycznych\">\n\t\t\t\t\t\t\t\t\t\t\t\t\t\t<div class=\"card-section\">\n\t\t\t\t\t\t\t\t<h3 class=\"card-title\">TransitionRight\u00ae<\/h3>\n\t\t\t\t\t\t\t\t\t\t\t\t\t\t\t\t\t\t\t\t\t\t\t\t\t<p class=\"card-description\">Zamiast Reagowa\u0107, Zapobiegaj Poprzez Genetyk\u0119. Choroby okresu przej\u015bciowego odbijaj\u0105 si\u0119 na Twoim czasie, pieni\u0105dzach i wydajno\u015bci stada. Dzi\u015b jednak mo\u017cliwe jest zmniejszenie ryzyka dzi\u0119ki ulepszonemu indeksowi TransitionRight\u00ae firmy ABS Global. ABS Global, \u015bwiatowy lider w dziedzinie genetyki byd\u0142a, us\u0142ug rozrodu i technologii, wykorzystuje udoskonalony program genetyczny, kt\u00f3ry ocenia zar\u00f3wno sprawdzone dane, jak i oceny genomiczne [&hellip;]<\/p>\n\t\t\t\t\t\t\t\t\n\t\t\t\t\t\t\t\t<a href=\"https:\/\/www.absglobal.com\/pl\/Produkty\/transitionright\/\" class=\"card-section-button button\">Dowiedz si\u0119 wi\u0119cej<\/a>\n\t\t\t\t\t\t\t<\/div>\n\t\t\t\t\t\t<\/div>\n\t\t\t\t\t\t\t\t\t\t\t\t<div class=\"card\">\n\t\t\t\t\t\t\t\t\t\t\t\t\t\t\t<img decoding=\"async\" class=\"card-img\" src=\"https:\/\/www.absglobal.com\/pl\/wp-content\/uploads\/sites\/29\/2020\/03\/product-valiant.jpeg?w=1000&#038;resize=375,250\" alt=\"Obraz wyrob\u00f3w medycznych\">\n\t\t\t\t\t\t\t\t\t\t\t\t\t\t<div class=\"card-section\">\n\t\t\t\t\t\t\t\t<h3 class=\"card-title\">Valiant\u2122<\/h3>\n\t\t\t\t\t\t\t\t\t\t\t\t\t\t\t\t\t\t\t\t\t\t\t\t\t<p class=\"card-description\">Gama produkt\u00f3w Valiant do piel\u0119gnacji wymion obejmuje zar\u00f3wno produkty stosowane przed udojem, jak i po udoju, pomagaj\u0105ce poprawi\u0107 zdrowie wymion w stadzie. Valiant Foam-Ultra to produkt do piel\u0119gnacji wymion przeznaczony do stosowania przed dojem. Jego dzia\u0142anie pieni\u0105ce czy\u015bci skuteczniej ni\u017c p\u0142yn, zapewniaj\u0105c najwy\u017cszy standard oczyszczania wst\u0119pnego.<\/p>\n\t\t\t\t\t\t\t\t\n\t\t\t\t\t\t\t\t<a href=\"https:\/\/www.absglobal.com\/pl\/Produkty\/valiant\/\" class=\"card-section-button button\">Dowiedz si\u0119 wi\u0119cej<\/a>\n\t\t\t\t\t\t\t<\/div>\n\t\t\t\t\t\t<\/div>\n\t\t\t\t\t\t\t\t\t<\/div>\n\t\t<\/section>\n\t\t\n\n","protected":false},"excerpt":{"rendered":"<p>Prawid\u0142owo przeprowadzona procedura dojenia zale\u017cy od warunk\u00f3w \u015brodowiska, wyposa\u017cenia i piel\u0119gnacji wymion. Je\u017celi wyst\u0119puj\u0105 jakiekolwiek deficyty w kt\u00f3rym\u015b z tych obszar\u00f3w, ryzyko wzrostu wska\u017anika zapalenia wymienia jest znacz\u0105co wy\u017csze. Nieprawid\u0142owa procedura doju wp\u0142ywa negatywnie na wydajno\u015b\u0107 doju i komfort krowy. Z\u0142a prodecura z niewystarczaj\u0105cym dippingiem i\/lub oczyszczeniem pozostawi na strzykach bakterie, kt\u00f3re mog\u0105 prowadzi\u0107 do [&hellip;]<\/p>\n","protected":false},"author":289,"featured_media":0,"parent":0,"menu_order":0,"comment_status":"closed","ping_status":"closed","template":"","meta":{"_acf_changed":false,"content-type":"","footnotes":""},"class_list":["post-2461","page","type-page","status-publish","hentry"],"acf":[],"yoast_head":"<!-- This site is optimized with the Yoast SEO Premium plugin v25.6 (Yoast SEO v25.6) - https:\/\/yoast.com\/wordpress\/plugins\/seo\/ -->\n<title>Piel\u0119gnacja Wymienia - ABS Global Polska<\/title>\n<meta name=\"robots\" content=\"index, follow, max-snippet:-1, max-image-preview:large, max-video-preview:-1\" \/>\n<link rel=\"canonical\" href=\"https:\/\/www.absglobal.com\/pl\/udder-care\/\" \/>\n<meta property=\"og:locale\" content=\"pl_PL\" \/>\n<meta property=\"og:type\" content=\"article\" \/>\n<meta property=\"og:title\" content=\"Piel\u0119gnacja Wymienia\" \/>\n<meta property=\"og:description\" content=\"Prawid\u0142owo przeprowadzona procedura dojenia zale\u017cy od warunk\u00f3w \u015brodowiska, wyposa\u017cenia i piel\u0119gnacji wymion. Je\u017celi wyst\u0119puj\u0105 jakiekolwiek deficyty w kt\u00f3rym\u015b z tych obszar\u00f3w, ryzyko wzrostu wska\u017anika zapalenia wymienia jest znacz\u0105co wy\u017csze. Nieprawid\u0142owa procedura doju wp\u0142ywa negatywnie na wydajno\u015b\u0107 doju i komfort krowy. Z\u0142a prodecura z niewystarczaj\u0105cym dippingiem i\/lub oczyszczeniem pozostawi na strzykach bakterie, kt\u00f3re mog\u0105 prowadzi\u0107 do [&hellip;]\" \/>\n<meta property=\"og:url\" content=\"https:\/\/www.absglobal.com\/pl\/udder-care\/\" \/>\n<meta property=\"og:site_name\" content=\"ABS Global Polska\" \/>\n<meta property=\"article:modified_time\" content=\"2021-03-05T21:06:03+00:00\" \/>\n<meta name=\"twitter:card\" content=\"summary_large_image\" \/>\n<meta name=\"twitter:label1\" content=\"Est. reading time\" \/>\n\t<meta name=\"twitter:data1\" content=\"1 minuta\" \/>\n<script type=\"application\/ld+json\" class=\"yoast-schema-graph\">{\"@context\":\"https:\/\/schema.org\",\"@graph\":[{\"@type\":\"WebPage\",\"@id\":\"https:\/\/www.absglobal.com\/pl\/udder-care\/\",\"url\":\"https:\/\/www.absglobal.com\/pl\/udder-care\/\",\"name\":\"Piel\u0119gnacja Wymienia - ABS Global Polska\",\"isPartOf\":{\"@id\":\"https:\/\/www.absglobal.com\/pl\/#website\"},\"datePublished\":\"2020-03-12T19:48:53+00:00\",\"dateModified\":\"2021-03-05T21:06:03+00:00\",\"breadcrumb\":{\"@id\":\"https:\/\/www.absglobal.com\/pl\/udder-care\/#breadcrumb\"},\"inLanguage\":\"pl-PL\",\"potentialAction\":[{\"@type\":\"ReadAction\",\"target\":[\"https:\/\/www.absglobal.com\/pl\/udder-care\/\"]}]},{\"@type\":\"BreadcrumbList\",\"@id\":\"https:\/\/www.absglobal.com\/pl\/udder-care\/#breadcrumb\",\"itemListElement\":[{\"@type\":\"ListItem\",\"position\":1,\"name\":\"Home\",\"item\":\"https:\/\/www.absglobal.com\/pl\/\"},{\"@type\":\"ListItem\",\"position\":2,\"name\":\"Piel\u0119gnacja Wymienia\"}]},{\"@type\":\"WebSite\",\"@id\":\"https:\/\/www.absglobal.com\/pl\/#website\",\"url\":\"https:\/\/www.absglobal.com\/pl\/\",\"name\":\"ABS Global Polska\",\"description\":\"Profit From Genetic Progress\",\"publisher\":{\"@id\":\"https:\/\/www.absglobal.com\/pl\/#organization\"},\"potentialAction\":[{\"@type\":\"SearchAction\",\"target\":{\"@type\":\"EntryPoint\",\"urlTemplate\":\"https:\/\/www.absglobal.com\/pl\/?s={search_term_string}\"},\"query-input\":{\"@type\":\"PropertyValueSpecification\",\"valueRequired\":true,\"valueName\":\"search_term_string\"}}],\"inLanguage\":\"pl-PL\"},{\"@type\":\"Organization\",\"@id\":\"https:\/\/www.absglobal.com\/pl\/#organization\",\"name\":\"ABS Global Polska\",\"url\":\"https:\/\/www.absglobal.com\/pl\/\",\"logo\":{\"@type\":\"ImageObject\",\"inLanguage\":\"pl-PL\",\"@id\":\"https:\/\/www.absglobal.com\/pl\/#\/schema\/logo\/image\/\",\"url\":\"https:\/\/www.absglobal.com\/pl\/wp-content\/uploads\/sites\/29\/2020\/11\/cropped-ABS.png\",\"contentUrl\":\"https:\/\/www.absglobal.com\/pl\/wp-content\/uploads\/sites\/29\/2020\/11\/cropped-ABS.png\",\"width\":405,\"height\":405,\"caption\":\"ABS Global Polska\"},\"image\":{\"@id\":\"https:\/\/www.absglobal.com\/pl\/#\/schema\/logo\/image\/\"}}]}<\/script>\n<!-- \/ Yoast SEO Premium plugin. -->","yoast_head_json":{"title":"Piel\u0119gnacja Wymienia - ABS Global Polska","robots":{"index":"index","follow":"follow","max-snippet":"max-snippet:-1","max-image-preview":"max-image-preview:large","max-video-preview":"max-video-preview:-1"},"canonical":"https:\/\/www.absglobal.com\/pl\/udder-care\/","og_locale":"pl_PL","og_type":"article","og_title":"Piel\u0119gnacja Wymienia","og_description":"Prawid\u0142owo przeprowadzona procedura dojenia zale\u017cy od warunk\u00f3w \u015brodowiska, wyposa\u017cenia i piel\u0119gnacji wymion. Je\u017celi wyst\u0119puj\u0105 jakiekolwiek deficyty w kt\u00f3rym\u015b z tych obszar\u00f3w, ryzyko wzrostu wska\u017anika zapalenia wymienia jest znacz\u0105co wy\u017csze. Nieprawid\u0142owa procedura doju wp\u0142ywa negatywnie na wydajno\u015b\u0107 doju i komfort krowy. Z\u0142a prodecura z niewystarczaj\u0105cym dippingiem i\/lub oczyszczeniem pozostawi na strzykach bakterie, kt\u00f3re mog\u0105 prowadzi\u0107 do [&hellip;]","og_url":"https:\/\/www.absglobal.com\/pl\/udder-care\/","og_site_name":"ABS Global Polska","article_modified_time":"2021-03-05T21:06:03+00:00","twitter_card":"summary_large_image","twitter_misc":{"Est. reading time":"1 minuta"},"schema":{"@context":"https:\/\/schema.org","@graph":[{"@type":"WebPage","@id":"https:\/\/www.absglobal.com\/pl\/udder-care\/","url":"https:\/\/www.absglobal.com\/pl\/udder-care\/","name":"Piel\u0119gnacja Wymienia - ABS Global Polska","isPartOf":{"@id":"https:\/\/www.absglobal.com\/pl\/#website"},"datePublished":"2020-03-12T19:48:53+00:00","dateModified":"2021-03-05T21:06:03+00:00","breadcrumb":{"@id":"https:\/\/www.absglobal.com\/pl\/udder-care\/#breadcrumb"},"inLanguage":"pl-PL","potentialAction":[{"@type":"ReadAction","target":["https:\/\/www.absglobal.com\/pl\/udder-care\/"]}]},{"@type":"BreadcrumbList","@id":"https:\/\/www.absglobal.com\/pl\/udder-care\/#breadcrumb","itemListElement":[{"@type":"ListItem","position":1,"name":"Home","item":"https:\/\/www.absglobal.com\/pl\/"},{"@type":"ListItem","position":2,"name":"Piel\u0119gnacja Wymienia"}]},{"@type":"WebSite","@id":"https:\/\/www.absglobal.com\/pl\/#website","url":"https:\/\/www.absglobal.com\/pl\/","name":"ABS Global Polska","description":"Profit From Genetic Progress","publisher":{"@id":"https:\/\/www.absglobal.com\/pl\/#organization"},"potentialAction":[{"@type":"SearchAction","target":{"@type":"EntryPoint","urlTemplate":"https:\/\/www.absglobal.com\/pl\/?s={search_term_string}"},"query-input":{"@type":"PropertyValueSpecification","valueRequired":true,"valueName":"search_term_string"}}],"inLanguage":"pl-PL"},{"@type":"Organization","@id":"https:\/\/www.absglobal.com\/pl\/#organization","name":"ABS Global Polska","url":"https:\/\/www.absglobal.com\/pl\/","logo":{"@type":"ImageObject","inLanguage":"pl-PL","@id":"https:\/\/www.absglobal.com\/pl\/#\/schema\/logo\/image\/","url":"https:\/\/www.absglobal.com\/pl\/wp-content\/uploads\/sites\/29\/2020\/11\/cropped-ABS.png","contentUrl":"https:\/\/www.absglobal.com\/pl\/wp-content\/uploads\/sites\/29\/2020\/11\/cropped-ABS.png","width":405,"height":405,"caption":"ABS Global Polska"},"image":{"@id":"https:\/\/www.absglobal.com\/pl\/#\/schema\/logo\/image\/"}}]}},"_links":{"self":[{"href":"https:\/\/www.absglobal.com\/pl\/wp-json\/wp\/v2\/pages\/2461"}],"collection":[{"href":"https:\/\/www.absglobal.com\/pl\/wp-json\/wp\/v2\/pages"}],"about":[{"href":"https:\/\/www.absglobal.com\/pl\/wp-json\/wp\/v2\/types\/page"}],"author":[{"embeddable":true,"href":"https:\/\/www.absglobal.com\/pl\/wp-json\/wp\/v2\/users\/289"}],"replies":[{"embeddable":true,"href":"https:\/\/www.absglobal.com\/pl\/wp-json\/wp\/v2\/comments?post=2461"}],"version-history":[{"count":32,"href":"https:\/\/www.absglobal.com\/pl\/wp-json\/wp\/v2\/pages\/2461\/revisions"}],"predecessor-version":[{"id":4482,"href":"https:\/\/www.absglobal.com\/pl\/wp-json\/wp\/v2\/pages\/2461\/revisions\/4482"}],"wp:attachment":[{"href":"https:\/\/www.absglobal.com\/pl\/wp-json\/wp\/v2\/media?parent=2461"}],"curies":[{"name":"wp","href":"https:\/\/api.w.org\/{rel}","templated":true}]}}