{"id":2796,"date":"2020-03-23T11:31:40","date_gmt":"2020-03-23T16:31:40","guid":{"rendered":"http:\/\/cms.genusplc.com\/absglobal-cl\/?page_id=2796"},"modified":"2020-03-23T11:47:46","modified_gmt":"2020-03-23T16:47:46","slug":"una-mensaje-de-nuestro-equipo-de-liderazgo-a-los-clientes-abs-actualizacion-covid-19","status":"publish","type":"page","link":"https:\/\/www.absglobal.com\/uy\/una-mensaje-de-nuestro-equipo-de-liderazgo-a-los-clientes-abs-actualizacion-covid-19\/","title":{"rendered":"Una mensaje de nuestro equipo de liderazgo a los clientes ABS: Actualizaci\u00f3n COVID-19"},"content":{"rendered":"\n<p class=\"has-small-font-size\">17\/03\/2020<\/p>\n\n\n\n<p>Queremos asegurarle que en ABS tomamos en serio nuestro compromiso hacia nuestros clientes y hacia la industria l\u00e1ctea y vacuna a nivel mundial. Valoramos nuestra relaci\u00f3n y le agradecemos su compromiso con los productos y servicios de ABS. Durante este tiempo sin precedentes que a\u00fan est\u00e1 en pleno desarrollo, queremos que sepa que estamos comprometidos a servirle en cualquier forma posible manteniendo la salud y seguridad para su operaci\u00f3n, sus empleados y nuestro equipo de ABS.<\/p>\n\n\n\n<p>Hemos seguido y seguiremos todas las regulaciones de salud a nivel local y federal, y entendemos seguir produciendo y distribuyendo mientras lo permitan las regulaciones.Es importante recordar que la situaci\u00f3n var\u00eda considerablemente en todo el mundo. Desde China, donde el virus parece haberse nivelado, a partes de Europa donde actualmente est\u00e1n bajo un cierre total, a los Estados Unidos y Am\u00e9rica Latina donde las funciones laborales y las escuelas se est\u00e1n cerrando r\u00e1pidamente, a otros pa\u00edses donde el virus a\u00fan no ha tenido un gran impacto. En cada una de estas situaciones continuaremos a:<\/p>\n\n\n\n<ul class=\"wp-block-list\"><li>Seguir las regulaciones sanitarias locales y federales<\/li><li>Garantizar la seguridad de nuestros empleados y los suyos por medio del respeto de la higiene y las distancias adecuadas.<\/li><li>Asegurar que las funciones cr\u00edticas para el negocio, como la producci\u00f3n y la distribuci\u00f3n, se mantengan en todos los sentidos posibles para limitar la interrupci\u00f3n<\/li><\/ul>\n\n\n\n<p>Al igual que usted, tenemos que seguir cuidando de nuestros animales, lo cual ser\u00eda imposible sin un equipo sano y dedicado. Estamos haciendo todo lo posible para garantizar que nuestro equipo pueda seguir funcionando.<\/p>\n\n\n\n<p>Si a\u00fan no lo ha hecho, comun\u00edquese con su representante local de ABS y\/o equipo, para asegurarse de que podamos llevar a cabo nuestros negocios de acuerdo con sus expectativas, en cuanto lo permitan las normas de salud y seguridad.La situaci\u00f3n est\u00e1 evolucionando r\u00e1pidamente en todo el mundo, y queremos desearles lo mejor durante esta temporada a nuestros miembros del equipo global, a nuestros clientes globales, a toda la comunidad agr\u00edcola y a la poblaci\u00f3n mundial.<\/p>\n\n\n\n<div style=\"height:50px\" aria-hidden=\"true\" class=\"wp-block-spacer\"><\/div>\n\n\n\n<p><em>Equipo de liderazgo de ABS<\/em><\/p>\n","protected":false},"excerpt":{"rendered":"<p>17\/03\/2020 Queremos asegurarle que en ABS tomamos en serio nuestro compromiso hacia nuestros clientes y hacia la industria l\u00e1ctea y vacuna a nivel mundial. Valoramos nuestra relaci\u00f3n y le agradecemos su compromiso con los productos y servicios de ABS. Durante este tiempo sin precedentes que a\u00fan est\u00e1 en pleno desarrollo, queremos que sepa que estamos [&hellip;]<\/p>\n","protected":false},"author":289,"featured_media":0,"parent":0,"menu_order":0,"comment_status":"closed","ping_status":"closed","template":"","meta":{"_acf_changed":false,"content-type":"","footnotes":""},"class_list":["post-2796","page","type-page","status-publish","hentry"],"acf":[],"yoast_head":"<!-- This site is optimized with the Yoast SEO Premium plugin v25.6 (Yoast SEO v25.6) - https:\/\/yoast.com\/wordpress\/plugins\/seo\/ -->\n<title>Una mensaje de nuestro equipo de liderazgo a los clientes ABS: Actualizaci\u00f3n COVID-19 - ABS Global Uruguay<\/title>\n<meta name=\"robots\" content=\"index, follow, max-snippet:-1, max-image-preview:large, max-video-preview:-1\" \/>\n<link rel=\"canonical\" href=\"https:\/\/www.absglobal.com\/uy\/una-mensaje-de-nuestro-equipo-de-liderazgo-a-los-clientes-abs-actualizacion-covid-19\/\" \/>\n<meta property=\"og:locale\" content=\"es_ES\" \/>\n<meta property=\"og:type\" content=\"article\" \/>\n<meta property=\"og:title\" content=\"Una mensaje de nuestro equipo de liderazgo a los clientes ABS: Actualizaci\u00f3n COVID-19\" \/>\n<meta property=\"og:description\" content=\"17\/03\/2020 Queremos asegurarle que en ABS tomamos en serio nuestro compromiso hacia nuestros clientes y hacia la industria l\u00e1ctea y vacuna a nivel mundial. Valoramos nuestra relaci\u00f3n y le agradecemos su compromiso con los productos y servicios de ABS. Durante este tiempo sin precedentes que a\u00fan est\u00e1 en pleno desarrollo, queremos que sepa que estamos [&hellip;]\" \/>\n<meta property=\"og:url\" content=\"https:\/\/www.absglobal.com\/uy\/una-mensaje-de-nuestro-equipo-de-liderazgo-a-los-clientes-abs-actualizacion-covid-19\/\" \/>\n<meta property=\"og:site_name\" content=\"ABS Global Uruguay\" \/>\n<meta property=\"article:modified_time\" content=\"2020-03-23T16:47:46+00:00\" \/>\n<meta name=\"twitter:card\" content=\"summary_large_image\" \/>\n<meta name=\"twitter:label1\" content=\"Est. reading time\" \/>\n\t<meta name=\"twitter:data1\" content=\"2 minutos\" \/>\n<script type=\"application\/ld+json\" class=\"yoast-schema-graph\">{\"@context\":\"https:\/\/schema.org\",\"@graph\":[{\"@type\":\"WebPage\",\"@id\":\"https:\/\/www.absglobal.com\/uy\/una-mensaje-de-nuestro-equipo-de-liderazgo-a-los-clientes-abs-actualizacion-covid-19\/\",\"url\":\"https:\/\/www.absglobal.com\/uy\/una-mensaje-de-nuestro-equipo-de-liderazgo-a-los-clientes-abs-actualizacion-covid-19\/\",\"name\":\"Una mensaje de nuestro equipo de liderazgo a los clientes ABS: Actualizaci\u00f3n COVID-19 - ABS Global Uruguay\",\"isPartOf\":{\"@id\":\"https:\/\/www.absglobal.com\/uy\/#website\"},\"datePublished\":\"2020-03-23T16:31:40+00:00\",\"dateModified\":\"2020-03-23T16:47:46+00:00\",\"breadcrumb\":{\"@id\":\"https:\/\/www.absglobal.com\/uy\/una-mensaje-de-nuestro-equipo-de-liderazgo-a-los-clientes-abs-actualizacion-covid-19\/#breadcrumb\"},\"inLanguage\":\"es\",\"potentialAction\":[{\"@type\":\"ReadAction\",\"target\":[\"https:\/\/www.absglobal.com\/uy\/una-mensaje-de-nuestro-equipo-de-liderazgo-a-los-clientes-abs-actualizacion-covid-19\/\"]}]},{\"@type\":\"BreadcrumbList\",\"@id\":\"https:\/\/www.absglobal.com\/uy\/una-mensaje-de-nuestro-equipo-de-liderazgo-a-los-clientes-abs-actualizacion-covid-19\/#breadcrumb\",\"itemListElement\":[{\"@type\":\"ListItem\",\"position\":1,\"name\":\"Home\",\"item\":\"https:\/\/www.absglobal.com\/uy\/\"},{\"@type\":\"ListItem\",\"position\":2,\"name\":\"Una mensaje de nuestro equipo de liderazgo a los clientes ABS: Actualizaci\u00f3n COVID-19\"}]},{\"@type\":\"WebSite\",\"@id\":\"https:\/\/www.absglobal.com\/uy\/#website\",\"url\":\"https:\/\/www.absglobal.com\/uy\/\",\"name\":\"ABS Global Uruguay\",\"description\":\"\",\"publisher\":{\"@id\":\"https:\/\/www.absglobal.com\/uy\/#organization\"},\"potentialAction\":[{\"@type\":\"SearchAction\",\"target\":{\"@type\":\"EntryPoint\",\"urlTemplate\":\"https:\/\/www.absglobal.com\/uy\/?s={search_term_string}\"},\"query-input\":{\"@type\":\"PropertyValueSpecification\",\"valueRequired\":true,\"valueName\":\"search_term_string\"}}],\"inLanguage\":\"es\"},{\"@type\":\"Organization\",\"@id\":\"https:\/\/www.absglobal.com\/uy\/#organization\",\"name\":\"ABS Global Uruguay\",\"url\":\"https:\/\/www.absglobal.com\/uy\/\",\"logo\":{\"@type\":\"ImageObject\",\"inLanguage\":\"es\",\"@id\":\"https:\/\/www.absglobal.com\/uy\/#\/schema\/logo\/image\/\",\"url\":\"https:\/\/www.absglobal.com\/uy\/wp-content\/uploads\/sites\/20\/2020\/03\/LogoRGB.png\",\"contentUrl\":\"https:\/\/www.absglobal.com\/uy\/wp-content\/uploads\/sites\/20\/2020\/03\/LogoRGB.png\",\"width\":872,\"height\":1080,\"caption\":\"ABS Global Uruguay\"},\"image\":{\"@id\":\"https:\/\/www.absglobal.com\/uy\/#\/schema\/logo\/image\/\"}}]}<\/script>\n<!-- \/ Yoast SEO Premium plugin. -->","yoast_head_json":{"title":"Una mensaje de nuestro equipo de liderazgo a los clientes ABS: Actualizaci\u00f3n COVID-19 - ABS Global Uruguay","robots":{"index":"index","follow":"follow","max-snippet":"max-snippet:-1","max-image-preview":"max-image-preview:large","max-video-preview":"max-video-preview:-1"},"canonical":"https:\/\/www.absglobal.com\/uy\/una-mensaje-de-nuestro-equipo-de-liderazgo-a-los-clientes-abs-actualizacion-covid-19\/","og_locale":"es_ES","og_type":"article","og_title":"Una mensaje de nuestro equipo de liderazgo a los clientes ABS: Actualizaci\u00f3n COVID-19","og_description":"17\/03\/2020 Queremos asegurarle que en ABS tomamos en serio nuestro compromiso hacia nuestros clientes y hacia la industria l\u00e1ctea y vacuna a nivel mundial. Valoramos nuestra relaci\u00f3n y le agradecemos su compromiso con los productos y servicios de ABS. Durante este tiempo sin precedentes que a\u00fan est\u00e1 en pleno desarrollo, queremos que sepa que estamos [&hellip;]","og_url":"https:\/\/www.absglobal.com\/uy\/una-mensaje-de-nuestro-equipo-de-liderazgo-a-los-clientes-abs-actualizacion-covid-19\/","og_site_name":"ABS Global Uruguay","article_modified_time":"2020-03-23T16:47:46+00:00","twitter_card":"summary_large_image","twitter_misc":{"Est. reading time":"2 minutos"},"schema":{"@context":"https:\/\/schema.org","@graph":[{"@type":"WebPage","@id":"https:\/\/www.absglobal.com\/uy\/una-mensaje-de-nuestro-equipo-de-liderazgo-a-los-clientes-abs-actualizacion-covid-19\/","url":"https:\/\/www.absglobal.com\/uy\/una-mensaje-de-nuestro-equipo-de-liderazgo-a-los-clientes-abs-actualizacion-covid-19\/","name":"Una mensaje de nuestro equipo de liderazgo a los clientes ABS: Actualizaci\u00f3n COVID-19 - ABS Global Uruguay","isPartOf":{"@id":"https:\/\/www.absglobal.com\/uy\/#website"},"datePublished":"2020-03-23T16:31:40+00:00","dateModified":"2020-03-23T16:47:46+00:00","breadcrumb":{"@id":"https:\/\/www.absglobal.com\/uy\/una-mensaje-de-nuestro-equipo-de-liderazgo-a-los-clientes-abs-actualizacion-covid-19\/#breadcrumb"},"inLanguage":"es","potentialAction":[{"@type":"ReadAction","target":["https:\/\/www.absglobal.com\/uy\/una-mensaje-de-nuestro-equipo-de-liderazgo-a-los-clientes-abs-actualizacion-covid-19\/"]}]},{"@type":"BreadcrumbList","@id":"https:\/\/www.absglobal.com\/uy\/una-mensaje-de-nuestro-equipo-de-liderazgo-a-los-clientes-abs-actualizacion-covid-19\/#breadcrumb","itemListElement":[{"@type":"ListItem","position":1,"name":"Home","item":"https:\/\/www.absglobal.com\/uy\/"},{"@type":"ListItem","position":2,"name":"Una mensaje de nuestro equipo de liderazgo a los clientes ABS: Actualizaci\u00f3n COVID-19"}]},{"@type":"WebSite","@id":"https:\/\/www.absglobal.com\/uy\/#website","url":"https:\/\/www.absglobal.com\/uy\/","name":"ABS Global Uruguay","description":"","publisher":{"@id":"https:\/\/www.absglobal.com\/uy\/#organization"},"potentialAction":[{"@type":"SearchAction","target":{"@type":"EntryPoint","urlTemplate":"https:\/\/www.absglobal.com\/uy\/?s={search_term_string}"},"query-input":{"@type":"PropertyValueSpecification","valueRequired":true,"valueName":"search_term_string"}}],"inLanguage":"es"},{"@type":"Organization","@id":"https:\/\/www.absglobal.com\/uy\/#organization","name":"ABS Global Uruguay","url":"https:\/\/www.absglobal.com\/uy\/","logo":{"@type":"ImageObject","inLanguage":"es","@id":"https:\/\/www.absglobal.com\/uy\/#\/schema\/logo\/image\/","url":"https:\/\/www.absglobal.com\/uy\/wp-content\/uploads\/sites\/20\/2020\/03\/LogoRGB.png","contentUrl":"https:\/\/www.absglobal.com\/uy\/wp-content\/uploads\/sites\/20\/2020\/03\/LogoRGB.png","width":872,"height":1080,"caption":"ABS Global Uruguay"},"image":{"@id":"https:\/\/www.absglobal.com\/uy\/#\/schema\/logo\/image\/"}}]}},"_links":{"self":[{"href":"https:\/\/www.absglobal.com\/uy\/wp-json\/wp\/v2\/pages\/2796"}],"collection":[{"href":"https:\/\/www.absglobal.com\/uy\/wp-json\/wp\/v2\/pages"}],"about":[{"href":"https:\/\/www.absglobal.com\/uy\/wp-json\/wp\/v2\/types\/page"}],"author":[{"embeddable":true,"href":"https:\/\/www.absglobal.com\/uy\/wp-json\/wp\/v2\/users\/289"}],"replies":[{"embeddable":true,"href":"https:\/\/www.absglobal.com\/uy\/wp-json\/wp\/v2\/comments?post=2796"}],"version-history":[{"count":2,"href":"https:\/\/www.absglobal.com\/uy\/wp-json\/wp\/v2\/pages\/2796\/revisions"}],"predecessor-version":[{"id":2807,"href":"https:\/\/www.absglobal.com\/uy\/wp-json\/wp\/v2\/pages\/2796\/revisions\/2807"}],"wp:attachment":[{"href":"https:\/\/www.absglobal.com\/uy\/wp-json\/wp\/v2\/media?parent=2796"}],"curies":[{"name":"wp","href":"https:\/\/api.w.org\/{rel}","templated":true}]}}