{"id":4291,"date":"2026-02-23T12:19:42","date_gmt":"2026-02-23T17:19:42","guid":{"rendered":"https:\/\/www.absglobal.com\/uy\/?page_id=4291"},"modified":"2026-02-23T12:19:44","modified_gmt":"2026-02-23T17:19:44","slug":"la-sostenibilidad-en-la-produccion-animal-comienza-con-la-genetica","status":"publish","type":"page","link":"https:\/\/www.absglobal.com\/uy\/la-sostenibilidad-en-la-produccion-animal-comienza-con-la-genetica\/","title":{"rendered":"La sostenibilidad en la producci\u00f3n animal comienza con la gen\u00e9tica"},"content":{"rendered":"\n<h3 class=\"wp-block-heading\" id=\"h-iniciativas-de-sostenibilidad\"><strong>Iniciativas de sostenibilidad<\/strong><\/h3>\n\n\n\n<p>En Genus ABS, la sostenibilidad es mucho m\u00e1s que una palabra de moda; es el coraz\u00f3n de nuestras operaciones. Ha estado presente en cada decisi\u00f3n que hemos tomado durante los \u00faltimos 80 a\u00f1os y en las que seguimos tomando. Nuestra misi\u00f3n sigue siendo la misma: liderar la mejora gen\u00e9tica animal para alimentar al mundo de manera sostenible.<\/p>\n\n\n\n<p>Nuestros programas de cr\u00eda personalizados y gen\u00e9tica de \u00e9lite permiten a los productores criar ganado que viva m\u00e1s tiempo, produzca de manera m\u00e1s eficiente y tenga una menor huella ambiental. A trav\u00e9s de estrategias gen\u00e9ticas innovadoras y la mejora constante de las tecnolog\u00edas gen\u00e9ticas, ayudamos a los ganaderos a maximizar el valor de cada ternero y minimizar los insumos necesarios. En definitiva, apoyamos a los ganaderos para crear m\u00e1s con menos.<\/p>\n\n\n\n<div class=\"wp-block-buttons is-layout-flex wp-block-buttons-is-layout-flex\">\n<div class=\"wp-block-button\"><a class=\"wp-block-button__link wp-element-button\" href=\"https:\/\/www.absglobal.com\/es\/wp-content\/uploads\/sites\/17\/2024\/07\/Article-British-Dairying-supplement-Feb-25.pdf\" target=\"_blank\" rel=\"noreferrer noopener\">Lee m\u00e1s sobre c\u00f3mo impulsamos la eficiencia y la rentabilidad para una agricultura sostenible<\/a><\/div>\n<\/div>\n\n\n\n<h3 class=\"wp-block-heading\"><strong>Nuestros pilares de sostenibilidad<\/strong><\/h3>\n\n\n\n<p>No solo estamos en el negocio de la gen\u00e9tica; estamos dando forma al futuro de la agricultura sostenible, ternero por ternero. En esencia, queremos asociarnos con los ganaderos para ayudarles a producir carne y leche de alta calidad, asequibles, de manera m\u00e1s eficiente y sostenible.<\/p>\n\n\n\n<p>Nuestro portafolio de soluciones gen\u00e9ticas y reproductivas ya hace que nuestros clientes sean m\u00e1s eficientes, rentables y sostenibles. Ellas son la base de nuestros pilares de sostenibilidad.<\/p>\n\n\n\n<figure class=\"wp-block-image size-large\"><img fetchpriority=\"high\" decoding=\"async\" height=\"721\" width=\"1024\" src=\"https:\/\/www.absglobal.com\/uy\/wp-content\/uploads\/sites\/20\/2026\/02\/ES_f7be0d.webp?w=1024\" alt=\"\" class=\"wp-image-4292\" srcset=\"https:\/\/www.absglobal.com\/uy\/wp-content\/uploads\/sites\/20\/2026\/02\/ES_f7be0d.webp 2000w, https:\/\/www.absglobal.com\/uy\/wp-content\/uploads\/sites\/20\/2026\/02\/ES_f7be0d.webp?resize=300,211 300w, https:\/\/www.absglobal.com\/uy\/wp-content\/uploads\/sites\/20\/2026\/02\/ES_f7be0d.webp?resize=768,541 768w, https:\/\/www.absglobal.com\/uy\/wp-content\/uploads\/sites\/20\/2026\/02\/ES_f7be0d.webp?resize=1024,721 1024w, https:\/\/www.absglobal.com\/uy\/wp-content\/uploads\/sites\/20\/2026\/02\/ES_f7be0d.webp?resize=1536,1082 1536w\" sizes=\"(max-width: 1024px) 100vw, 1024px\" \/><\/figure>\n\n\n\n<h3 class=\"wp-block-heading\"><strong>Creando mayores eficiencias<\/strong><\/h3>\n\n\n\n<p>La eficiencia est\u00e1 en el centro de la agricultura sostenible. Al criar animales que convierten el alimento de manera m\u00e1s eficaz y producen con mayor rentabilidad, ayudamos a los ganaderos a reducir costos e impactos ambientales, lo que maximiza los beneficios.<\/p>\n\n\n\n<h3 class=\"wp-block-heading\"><strong>Creando una mejor salud animal<\/strong><\/h3>\n\n\n\n<p>Los animales sanos son m\u00e1s productivos y requieren menos recursos, lo que beneficia tanto a los ganaderos como al medio ambiente. Al enfocarnos en estas gen\u00e9ticas, apoyamos a los ganaderos en la crianza de reba\u00f1os eficientes y robustos.<\/p>\n\n\n\n<h3 class=\"wp-block-heading\"><strong>Creando comunidades conscientes<\/strong><\/h3>\n\n\n\n<p>Para nosotros, la sostenibilidad incluye la creaci\u00f3n de pr\u00e1cticas \u00e9ticas que cuiden el medio ambiente, apoyen el bienestar animal y promuevan la diversidad gen\u00e9tica en el ganado. Esto asegura los medios de vida agr\u00edcolas, mejora la seguridad alimentaria, proporciona productos ganaderos de calidad y contribuye a reducir el impacto ambiental.<\/p>\n\n\n\n<blockquote class=\"wp-block-quote is-layout-flow wp-block-quote-is-layout-flow\">\n<p>Todo esto es\u2026&nbsp;<strong>Gen\u00e9tica para el bien.<\/strong><\/p>\n<\/blockquote>\n\n\n\n<figure class=\"wp-block-image size-full\"><img decoding=\"async\" width=\"376\" height=\"392\" src=\"https:\/\/www.absglobal.com\/uy\/wp-content\/uploads\/sites\/20\/2026\/02\/image_c34be8.webp\" alt=\"\" class=\"wp-image-4293\" srcset=\"https:\/\/www.absglobal.com\/uy\/wp-content\/uploads\/sites\/20\/2026\/02\/image_c34be8.webp 376w, https:\/\/www.absglobal.com\/uy\/wp-content\/uploads\/sites\/20\/2026\/02\/image_c34be8.webp?resize=288,300 288w\" sizes=\"(max-width: 376px) 100vw, 376px\" \/><\/figure>\n\n\n\n<h3 class=\"wp-block-heading\"><strong>Investigaci\u00f3n innovadora: demostrando el valor de la mejora gen\u00e9tica<\/strong><\/h3>\n\n\n\n<p>Estamos orgullosos de haber completado la primera\u00a0<a href=\"https:\/\/www.absglobal.com\/uy\/articles\/abs-valida-los-beneficios-medioambientales-de-la-mejora-genetica-en-la-produccion-de-carne-en-leche-mediante-la-evaluacion-del-ciclo-de-vida\/\" target=\"_blank\" rel=\"noreferrer noopener\">An\u00e1lisis del Ciclo de Vida (ACV)\u00a0<\/a>integral de la industria para el cruce carne-leche (BxD), con el objetivo de revelar el impacto de la gen\u00e9tica en la sostenibilidad. ACV es el est\u00e1ndar de\u00a0<strong>oro para evaluar el desempe\u00f1o ambiental<\/strong>\u00a0y analiza cada etapa del ciclo de vida de un producto.<\/p>\n\n\n\n<p>Desarrolladas seg\u00fan las directrices de la Organizaci\u00f3n Internacional de Normalizaci\u00f3n (ISO) y actualmente bajo revisi\u00f3n acad\u00e9mica experta, nuestras ACV fueron realizadas por una consultor\u00eda independiente l\u00edder, como parte del proyecto Innovate UK, e incluyen aportes de especialistas de universidades de primer nivel en EE.\u202fUU., Canad\u00e1 y Europa.<\/p>\n\n\n\n<p>Cofinanciado por Innovate UK y DEFRA, en asociaci\u00f3n con el&nbsp;<a href=\"https:\/\/www.sruc.ac.uk\/\" target=\"_blank\" rel=\"noreferrer noopener\">Scotland\u2019s Rural College (SRUC)<\/a>,&nbsp;<strong>Climate Smart Genetics<\/strong>&nbsp;<strong>est\u00e1 a la vanguardia en el desarrollo de m\u00e9todos innovadores para medir y reducir el impacto ambiental de la producci\u00f3n de carne.<\/strong><\/p>\n\n\n\n<h3 class=\"wp-block-heading\"><strong>NuEra Genetics\u00ae: El futuro de la prote\u00edna sostenible<\/strong><\/h3>\n\n\n\n<p>Utilizando datos reales de rendimiento de m\u00e1s de 60.000 animales BxD en sistemas comerciales del Reino Unido, las evaluaciones demuestran que el uso de<a href=\"https:\/\/www.absglobal.com\/uy\/services\/nuera-genetics\/\" target=\"_blank\" rel=\"noreferrer noopener\">\u00a0<strong>NuEra Genetics\u00ae<\/strong><\/a>\u00a0conduce a mayores tasas de crecimiento. Adem\u00e1s de a la reducci\u00f3n de insumos, una mejor conversi\u00f3n alimenticia y una reducci\u00f3n medible en la intensidad de las emisiones de metano.<\/p>\n\n\n\n<p>Los resultados revelan que, con un programa de mejora gen\u00e9tica dirigido, los ganaderos pueden reducir las emisiones hasta en un&nbsp;<strong>9% por a\u00f1o<\/strong>. Simplemente eligiendo la gen\u00e9tica adecuada.<\/p>\n\n\n\n<figure class=\"wp-block-image size-large\"><img decoding=\"async\" height=\"721\" width=\"1024\" src=\"https:\/\/www.absglobal.com\/uy\/wp-content\/uploads\/sites\/20\/2026\/02\/ES-2.webp?w=1024\" alt=\"\" class=\"wp-image-4294\" srcset=\"https:\/\/www.absglobal.com\/uy\/wp-content\/uploads\/sites\/20\/2026\/02\/ES-2.webp 2000w, https:\/\/www.absglobal.com\/uy\/wp-content\/uploads\/sites\/20\/2026\/02\/ES-2.webp?resize=300,211 300w, https:\/\/www.absglobal.com\/uy\/wp-content\/uploads\/sites\/20\/2026\/02\/ES-2.webp?resize=768,541 768w, https:\/\/www.absglobal.com\/uy\/wp-content\/uploads\/sites\/20\/2026\/02\/ES-2.webp?resize=1024,721 1024w, https:\/\/www.absglobal.com\/uy\/wp-content\/uploads\/sites\/20\/2026\/02\/ES-2.webp?resize=1536,1082 1536w\" sizes=\"(max-width: 1024px) 100vw, 1024px\" \/><\/figure>\n\n\n\n<p>NuEra Genetics ofrece a los ganaderos la oportunidad de producir prote\u00edna de mayor calidad y m\u00e1s sostenible. De esta forma, consiguen un menor impacto ambiental y una rentabilidad mejorada. Con el poder de NuEra Genetics y un programa de mejora gen\u00e9tica dirigido, los ganaderos pueden crear m\u00e1s con menos, impulsando la eficiencia, la rentabilidad y la reducci\u00f3n de las emisiones de gases de efecto invernadero (GEI) en toda la cadena de suministro.<\/p>\n\n\n\n<figure class=\"wp-block-image size-large is-resized\"><img loading=\"lazy\" decoding=\"async\" height=\"721\" width=\"1024\" src=\"https:\/\/www.absglobal.com\/uy\/wp-content\/uploads\/sites\/20\/2026\/02\/ES-3.webp?w=1024\" alt=\"\" class=\"wp-image-4295\" style=\"width:840px;height:auto\" srcset=\"https:\/\/www.absglobal.com\/uy\/wp-content\/uploads\/sites\/20\/2026\/02\/ES-3.webp 2000w, https:\/\/www.absglobal.com\/uy\/wp-content\/uploads\/sites\/20\/2026\/02\/ES-3.webp?resize=300,211 300w, https:\/\/www.absglobal.com\/uy\/wp-content\/uploads\/sites\/20\/2026\/02\/ES-3.webp?resize=768,541 768w, https:\/\/www.absglobal.com\/uy\/wp-content\/uploads\/sites\/20\/2026\/02\/ES-3.webp?resize=1024,721 1024w, https:\/\/www.absglobal.com\/uy\/wp-content\/uploads\/sites\/20\/2026\/02\/ES-3.webp?resize=1536,1082 1536w\" sizes=\"(max-width: 1024px) 100vw, 1024px\" \/><\/figure>\n\n\n\n<p>La mejora gen\u00e9tica es una soluci\u00f3n a largo plazo para la sostenibilidad. El impacto de la gen\u00e9tica ofrece beneficios permanentes y acumulativos para los ganaderos, las comunidades y la naturaleza. Genus ABS les ayuda a aumentar la productividad, mejorar la rentabilidad y minimizar el impacto ambiental. Adem\u00e1s les capacita para liderar el camino hacia una industria agr\u00edcola m\u00e1s sostenible, a trav\u00e9s de herramientas para seleccionar la mejor gen\u00e9tica.<\/p>\n","protected":false},"excerpt":{"rendered":"<p>Iniciativas de sostenibilidad En Genus ABS, la sostenibilidad es mucho m\u00e1s que una palabra de moda; es el coraz\u00f3n de nuestras operaciones. Ha estado presente en cada decisi\u00f3n que hemos tomado durante los \u00faltimos 80 a\u00f1os y en las que seguimos tomando. Nuestra misi\u00f3n sigue siendo la misma: liderar la mejora gen\u00e9tica animal para alimentar [&hellip;]<\/p>\n","protected":false},"author":10333,"featured_media":0,"parent":0,"menu_order":0,"comment_status":"closed","ping_status":"closed","template":"","meta":{"_acf_changed":false,"content-type":"","footnotes":""},"class_list":["post-4291","page","type-page","status-publish","hentry"],"acf":[],"yoast_head":"<!-- This site is optimized with the Yoast SEO Premium plugin v25.6 (Yoast SEO v25.6) - https:\/\/yoast.com\/wordpress\/plugins\/seo\/ -->\n<title>La sostenibilidad para la ganader\u00eda empieza con la gen\u00e9tica<\/title>\n<meta name=\"description\" content=\"Un futuro sostenible para la producci\u00f3n de carne de vacuno comienza con la gen\u00e9tica, haciendo que, los agricultores produzcan m\u00e1s con menos.\" \/>\n<meta name=\"robots\" content=\"index, follow, max-snippet:-1, max-image-preview:large, max-video-preview:-1\" \/>\n<link rel=\"canonical\" href=\"https:\/\/www.absglobal.com\/uy\/la-sostenibilidad-en-la-produccion-animal-comienza-con-la-genetica\/\" \/>\n<meta property=\"og:locale\" content=\"es_ES\" \/>\n<meta property=\"og:type\" content=\"article\" \/>\n<meta property=\"og:title\" content=\"La sostenibilidad en la producci\u00f3n animal comienza con la gen\u00e9tica\" \/>\n<meta property=\"og:description\" content=\"Un futuro sostenible para la producci\u00f3n de carne de vacuno comienza con la gen\u00e9tica, haciendo que, los agricultores produzcan m\u00e1s con menos.\" \/>\n<meta property=\"og:url\" content=\"https:\/\/www.absglobal.com\/uy\/la-sostenibilidad-en-la-produccion-animal-comienza-con-la-genetica\/\" \/>\n<meta property=\"og:site_name\" content=\"ABS Global Uruguay\" \/>\n<meta property=\"article:modified_time\" content=\"2026-02-23T17:19:44+00:00\" \/>\n<meta property=\"og:image\" content=\"https:\/\/www.absglobal.com\/uy\/wp-content\/uploads\/sites\/20\/2026\/02\/ES_f7be0d.webp\" \/>\n\t<meta property=\"og:image:width\" content=\"2000\" \/>\n\t<meta property=\"og:image:height\" content=\"1409\" \/>\n\t<meta property=\"og:image:type\" content=\"image\/webp\" \/>\n<meta name=\"twitter:card\" content=\"summary_large_image\" \/>\n<meta name=\"twitter:label1\" content=\"Est. reading time\" \/>\n\t<meta name=\"twitter:data1\" content=\"5 minutos\" \/>\n<script type=\"application\/ld+json\" class=\"yoast-schema-graph\">{\"@context\":\"https:\/\/schema.org\",\"@graph\":[{\"@type\":\"WebPage\",\"@id\":\"https:\/\/www.absglobal.com\/uy\/la-sostenibilidad-en-la-produccion-animal-comienza-con-la-genetica\/\",\"url\":\"https:\/\/www.absglobal.com\/uy\/la-sostenibilidad-en-la-produccion-animal-comienza-con-la-genetica\/\",\"name\":\"La sostenibilidad para la ganader\u00eda empieza con la gen\u00e9tica\",\"isPartOf\":{\"@id\":\"https:\/\/www.absglobal.com\/uy\/#website\"},\"primaryImageOfPage\":{\"@id\":\"https:\/\/www.absglobal.com\/uy\/la-sostenibilidad-en-la-produccion-animal-comienza-con-la-genetica\/#primaryimage\"},\"image\":{\"@id\":\"https:\/\/www.absglobal.com\/uy\/la-sostenibilidad-en-la-produccion-animal-comienza-con-la-genetica\/#primaryimage\"},\"thumbnailUrl\":\"https:\/\/www.absglobal.com\/uy\/wp-content\/uploads\/sites\/20\/2026\/02\/ES_f7be0d.webp?w=1024\",\"datePublished\":\"2026-02-23T17:19:42+00:00\",\"dateModified\":\"2026-02-23T17:19:44+00:00\",\"description\":\"Un futuro sostenible para la producci\u00f3n de carne de vacuno comienza con la gen\u00e9tica, haciendo que, los agricultores produzcan m\u00e1s con menos.\",\"breadcrumb\":{\"@id\":\"https:\/\/www.absglobal.com\/uy\/la-sostenibilidad-en-la-produccion-animal-comienza-con-la-genetica\/#breadcrumb\"},\"inLanguage\":\"es\",\"potentialAction\":[{\"@type\":\"ReadAction\",\"target\":[\"https:\/\/www.absglobal.com\/uy\/la-sostenibilidad-en-la-produccion-animal-comienza-con-la-genetica\/\"]}]},{\"@type\":\"ImageObject\",\"inLanguage\":\"es\",\"@id\":\"https:\/\/www.absglobal.com\/uy\/la-sostenibilidad-en-la-produccion-animal-comienza-con-la-genetica\/#primaryimage\",\"url\":\"https:\/\/www.absglobal.com\/uy\/wp-content\/uploads\/sites\/20\/2026\/02\/ES_f7be0d.webp\",\"contentUrl\":\"https:\/\/www.absglobal.com\/uy\/wp-content\/uploads\/sites\/20\/2026\/02\/ES_f7be0d.webp\",\"width\":2000,\"height\":1409},{\"@type\":\"BreadcrumbList\",\"@id\":\"https:\/\/www.absglobal.com\/uy\/la-sostenibilidad-en-la-produccion-animal-comienza-con-la-genetica\/#breadcrumb\",\"itemListElement\":[{\"@type\":\"ListItem\",\"position\":1,\"name\":\"Home\",\"item\":\"https:\/\/www.absglobal.com\/uy\/\"},{\"@type\":\"ListItem\",\"position\":2,\"name\":\"La sostenibilidad en la producci\u00f3n animal comienza con la gen\u00e9tica\"}]},{\"@type\":\"WebSite\",\"@id\":\"https:\/\/www.absglobal.com\/uy\/#website\",\"url\":\"https:\/\/www.absglobal.com\/uy\/\",\"name\":\"ABS Global Uruguay\",\"description\":\"\",\"publisher\":{\"@id\":\"https:\/\/www.absglobal.com\/uy\/#organization\"},\"potentialAction\":[{\"@type\":\"SearchAction\",\"target\":{\"@type\":\"EntryPoint\",\"urlTemplate\":\"https:\/\/www.absglobal.com\/uy\/?s={search_term_string}\"},\"query-input\":{\"@type\":\"PropertyValueSpecification\",\"valueRequired\":true,\"valueName\":\"search_term_string\"}}],\"inLanguage\":\"es\"},{\"@type\":\"Organization\",\"@id\":\"https:\/\/www.absglobal.com\/uy\/#organization\",\"name\":\"ABS Global Uruguay\",\"url\":\"https:\/\/www.absglobal.com\/uy\/\",\"logo\":{\"@type\":\"ImageObject\",\"inLanguage\":\"es\",\"@id\":\"https:\/\/www.absglobal.com\/uy\/#\/schema\/logo\/image\/\",\"url\":\"https:\/\/www.absglobal.com\/uy\/wp-content\/uploads\/sites\/20\/2020\/03\/LogoRGB.png\",\"contentUrl\":\"https:\/\/www.absglobal.com\/uy\/wp-content\/uploads\/sites\/20\/2020\/03\/LogoRGB.png\",\"width\":872,\"height\":1080,\"caption\":\"ABS Global Uruguay\"},\"image\":{\"@id\":\"https:\/\/www.absglobal.com\/uy\/#\/schema\/logo\/image\/\"}}]}<\/script>\n<!-- \/ Yoast SEO Premium plugin. -->","yoast_head_json":{"title":"La sostenibilidad para la ganader\u00eda empieza con la gen\u00e9tica","description":"Un futuro sostenible para la producci\u00f3n de carne de vacuno comienza con la gen\u00e9tica, haciendo que, los agricultores produzcan m\u00e1s con menos.","robots":{"index":"index","follow":"follow","max-snippet":"max-snippet:-1","max-image-preview":"max-image-preview:large","max-video-preview":"max-video-preview:-1"},"canonical":"https:\/\/www.absglobal.com\/uy\/la-sostenibilidad-en-la-produccion-animal-comienza-con-la-genetica\/","og_locale":"es_ES","og_type":"article","og_title":"La sostenibilidad en la producci\u00f3n animal comienza con la gen\u00e9tica","og_description":"Un futuro sostenible para la producci\u00f3n de carne de vacuno comienza con la gen\u00e9tica, haciendo que, los agricultores produzcan m\u00e1s con menos.","og_url":"https:\/\/www.absglobal.com\/uy\/la-sostenibilidad-en-la-produccion-animal-comienza-con-la-genetica\/","og_site_name":"ABS Global Uruguay","article_modified_time":"2026-02-23T17:19:44+00:00","og_image":[{"width":2000,"height":1409,"url":"https:\/\/www.absglobal.com\/uy\/wp-content\/uploads\/sites\/20\/2026\/02\/ES_f7be0d.webp","type":"image\/webp"}],"twitter_card":"summary_large_image","twitter_misc":{"Est. reading time":"5 minutos"},"schema":{"@context":"https:\/\/schema.org","@graph":[{"@type":"WebPage","@id":"https:\/\/www.absglobal.com\/uy\/la-sostenibilidad-en-la-produccion-animal-comienza-con-la-genetica\/","url":"https:\/\/www.absglobal.com\/uy\/la-sostenibilidad-en-la-produccion-animal-comienza-con-la-genetica\/","name":"La sostenibilidad para la ganader\u00eda empieza con la gen\u00e9tica","isPartOf":{"@id":"https:\/\/www.absglobal.com\/uy\/#website"},"primaryImageOfPage":{"@id":"https:\/\/www.absglobal.com\/uy\/la-sostenibilidad-en-la-produccion-animal-comienza-con-la-genetica\/#primaryimage"},"image":{"@id":"https:\/\/www.absglobal.com\/uy\/la-sostenibilidad-en-la-produccion-animal-comienza-con-la-genetica\/#primaryimage"},"thumbnailUrl":"https:\/\/www.absglobal.com\/uy\/wp-content\/uploads\/sites\/20\/2026\/02\/ES_f7be0d.webp?w=1024","datePublished":"2026-02-23T17:19:42+00:00","dateModified":"2026-02-23T17:19:44+00:00","description":"Un futuro sostenible para la producci\u00f3n de carne de vacuno comienza con la gen\u00e9tica, haciendo que, los agricultores produzcan m\u00e1s con menos.","breadcrumb":{"@id":"https:\/\/www.absglobal.com\/uy\/la-sostenibilidad-en-la-produccion-animal-comienza-con-la-genetica\/#breadcrumb"},"inLanguage":"es","potentialAction":[{"@type":"ReadAction","target":["https:\/\/www.absglobal.com\/uy\/la-sostenibilidad-en-la-produccion-animal-comienza-con-la-genetica\/"]}]},{"@type":"ImageObject","inLanguage":"es","@id":"https:\/\/www.absglobal.com\/uy\/la-sostenibilidad-en-la-produccion-animal-comienza-con-la-genetica\/#primaryimage","url":"https:\/\/www.absglobal.com\/uy\/wp-content\/uploads\/sites\/20\/2026\/02\/ES_f7be0d.webp","contentUrl":"https:\/\/www.absglobal.com\/uy\/wp-content\/uploads\/sites\/20\/2026\/02\/ES_f7be0d.webp","width":2000,"height":1409},{"@type":"BreadcrumbList","@id":"https:\/\/www.absglobal.com\/uy\/la-sostenibilidad-en-la-produccion-animal-comienza-con-la-genetica\/#breadcrumb","itemListElement":[{"@type":"ListItem","position":1,"name":"Home","item":"https:\/\/www.absglobal.com\/uy\/"},{"@type":"ListItem","position":2,"name":"La sostenibilidad en la producci\u00f3n animal comienza con la gen\u00e9tica"}]},{"@type":"WebSite","@id":"https:\/\/www.absglobal.com\/uy\/#website","url":"https:\/\/www.absglobal.com\/uy\/","name":"ABS Global Uruguay","description":"","publisher":{"@id":"https:\/\/www.absglobal.com\/uy\/#organization"},"potentialAction":[{"@type":"SearchAction","target":{"@type":"EntryPoint","urlTemplate":"https:\/\/www.absglobal.com\/uy\/?s={search_term_string}"},"query-input":{"@type":"PropertyValueSpecification","valueRequired":true,"valueName":"search_term_string"}}],"inLanguage":"es"},{"@type":"Organization","@id":"https:\/\/www.absglobal.com\/uy\/#organization","name":"ABS Global Uruguay","url":"https:\/\/www.absglobal.com\/uy\/","logo":{"@type":"ImageObject","inLanguage":"es","@id":"https:\/\/www.absglobal.com\/uy\/#\/schema\/logo\/image\/","url":"https:\/\/www.absglobal.com\/uy\/wp-content\/uploads\/sites\/20\/2020\/03\/LogoRGB.png","contentUrl":"https:\/\/www.absglobal.com\/uy\/wp-content\/uploads\/sites\/20\/2020\/03\/LogoRGB.png","width":872,"height":1080,"caption":"ABS Global Uruguay"},"image":{"@id":"https:\/\/www.absglobal.com\/uy\/#\/schema\/logo\/image\/"}}]}},"_links":{"self":[{"href":"https:\/\/www.absglobal.com\/uy\/wp-json\/wp\/v2\/pages\/4291"}],"collection":[{"href":"https:\/\/www.absglobal.com\/uy\/wp-json\/wp\/v2\/pages"}],"about":[{"href":"https:\/\/www.absglobal.com\/uy\/wp-json\/wp\/v2\/types\/page"}],"author":[{"embeddable":true,"href":"https:\/\/www.absglobal.com\/uy\/wp-json\/wp\/v2\/users\/10333"}],"replies":[{"embeddable":true,"href":"https:\/\/www.absglobal.com\/uy\/wp-json\/wp\/v2\/comments?post=4291"}],"version-history":[{"count":1,"href":"https:\/\/www.absglobal.com\/uy\/wp-json\/wp\/v2\/pages\/4291\/revisions"}],"predecessor-version":[{"id":4296,"href":"https:\/\/www.absglobal.com\/uy\/wp-json\/wp\/v2\/pages\/4291\/revisions\/4296"}],"wp:attachment":[{"href":"https:\/\/www.absglobal.com\/uy\/wp-json\/wp\/v2\/media?parent=4291"}],"curies":[{"name":"wp","href":"https:\/\/api.w.org\/{rel}","templated":true}]}}